{"id":72,"date":"2025-04-02T19:52:38","date_gmt":"2025-04-02T17:52:38","guid":{"rendered":"https:\/\/torunzkwp.pl\/?page_id=72"},"modified":"2025-05-05T20:18:31","modified_gmt":"2025-05-05T18:18:31","slug":"pliki-do-pobrania","status":"publish","type":"page","link":"https:\/\/torunzkwp.pl\/?page_id=72","title":{"rendered":"Pliki do pobrania"},"content":{"rendered":"\n<p>Aby prawid\u0142owo wype\u0142ni\u0107 za\u0142\u0105cznik nale\u017cy go zapisa\u0107 na dysku, a nast\u0119pnie w celu wype\u0142nienia otworzy\u0107 w programie do edycji tekstu (np. Word, Adobe Acrobat).<\/p>\n\n\n\n<figure class=\"wp-block-table is-style-stripes\"><table><thead><tr><th class=\"has-text-align-left\" data-align=\"left\"><mark style=\"background-color:rgba(0, 0, 0, 0)\" class=\"has-inline-color has-vivid-red-color\">Nazwa druku:<\/mark><\/th><th class=\"has-text-align-right\" data-align=\"right\"><mark style=\"background-color:rgba(0, 0, 0, 0)\" class=\"has-inline-color has-vivid-red-color\">Plik do pobrania:<\/mark><\/th><\/tr><\/thead><tbody><tr><td class=\"has-text-align-left\" data-align=\"left\">Deklaracja cz\u0142onkowska Zwi\u0105zku Kynologicznego w Polsce<\/td><td class=\"has-text-align-right\" data-align=\"right\"><a href=\"https:\/\/torunzkwp.pl\/wp-content\/uploads\/2025\/05\/nowa_deklaracja.pdf\" data-type=\"link\" data-id=\"https:\/\/torunzkwp.pl\/wp-content\/uploads\/2025\/05\/nowa_deklaracja.pdf\">Pobierz plik<\/a><\/td><\/tr><tr><td class=\"has-text-align-left\" data-align=\"left\">Rodow\u00f3d eksportowy \u2013 za\u0142\u0105cznik<\/td><td class=\"has-text-align-right\" data-align=\"right\"><a href=\"https:\/\/torunzkwp.pl\/wp-content\/uploads\/2025\/05\/rodowod_eksportowy_-_zalacznik.docx\" data-type=\"link\" data-id=\"https:\/\/torunzkwp.pl\/wp-content\/uploads\/2025\/05\/rodowod_eksportowy_-_zalacznik.docx\">Pobierz plik<\/a><\/td><\/tr><tr><td class=\"has-text-align-left\" data-align=\"left\">Formularz zg\u0142oszenia na przegl\u0105d hodowlany (edytowalny)<\/td><td class=\"has-text-align-right\" data-align=\"right\"><a href=\"https:\/\/torunzkwp.pl\/wp-content\/uploads\/2025\/05\/2020_przeglad_formularz_edytowalny.pdf\" data-type=\"link\" data-id=\"https:\/\/torunzkwp.pl\/wp-content\/uploads\/2025\/05\/2020_przeglad_formularz_edytowalny.pdf\">Pobierz plik<\/a><\/td><\/tr><tr><td class=\"has-text-align-left\" data-align=\"left\">Wniosek o warunek hodowlany<\/td><td class=\"has-text-align-right\" data-align=\"right\"><a href=\"https:\/\/torunzkwp.pl\/wp-content\/uploads\/2025\/05\/wniosek_o_warunek_hodowlany.pdf\" data-type=\"link\" data-id=\"https:\/\/torunzkwp.pl\/wp-content\/uploads\/2025\/05\/wniosek_o_warunek_hodowlany.pdf\">Pobierz plik<\/a><\/td><\/tr><tr><td class=\"has-text-align-left\" data-align=\"left\">O\u015bwiadczenie o wsp\u00f3\u0142w\u0142asno\u015bci<\/td><td class=\"has-text-align-right\" data-align=\"right\"><a href=\"https:\/\/torunzkwp.pl\/wp-content\/uploads\/2025\/05\/oswiadczenie-o-wspolwlasnosci.pdf\" data-type=\"link\" data-id=\"https:\/\/torunzkwp.pl\/wp-content\/uploads\/2025\/05\/oswiadczenie-o-wspolwlasnosci.pdf\">Pobierz plik<\/a><\/td><\/tr><tr><td class=\"has-text-align-left\" data-align=\"left\">Wniosek o rejestracj\u0119 przydomka hodowlanego<\/td><td class=\"has-text-align-right\" data-align=\"right\"><a href=\"https:\/\/torunzkwp.pl\/wp-content\/uploads\/2025\/05\/wniosek_o_rejestracje_przydomka_hodowlanego.docx\" data-type=\"link\" data-id=\"https:\/\/torunzkwp.pl\/wp-content\/uploads\/2025\/05\/wniosek_o_rejestracje_przydomka_hodowlanego.docx\">Pobierz plik<\/a><\/td><\/tr><tr><td class=\"has-text-align-left\" data-align=\"left\">Potwierdzenie wykonania znakowania szczeni\u0105t<\/td><td class=\"has-text-align-right\" data-align=\"right\"><a href=\"https:\/\/torunzkwp.pl\/wp-content\/uploads\/2025\/05\/POTWIERDZENIE-ZNAKOWANIA-SZCZENIAT-2021.odt\" data-type=\"link\" data-id=\"https:\/\/torunzkwp.pl\/wp-content\/uploads\/2025\/05\/POTWIERDZENIE-ZNAKOWANIA-SZCZENIAT-2021.odt\">Pobierz plik<\/a><\/td><\/tr><\/tbody><\/table><\/figure>\n\n\n\n<hr class=\"wp-block-separator has-text-color has-vivid-red-color has-alpha-channel-opacity has-vivid-red-background-color has-background is-style-dots\"\/>\n\n\n\n<p><\/p>\n","protected":false},"excerpt":{"rendered":"<p>Aby prawid\u0142owo wype\u0142ni\u0107 za\u0142\u0105cznik nale\u017cy go zapisa\u0107 na dysku, a nast\u0119pnie w celu wype\u0142nienia otworzy\u0107 w programie do edycji tekstu (np. Word, Adobe Acrobat). Nazwa druku: Plik do pobrania: Deklaracja cz\u0142onkowska Zwi\u0105zku Kynologicznego w Polsce Pobierz plik Rodow\u00f3d eksportowy \u2013 za\u0142\u0105cznik Pobierz plik Formularz zg\u0142oszenia na przegl\u0105d hodowlany (edytowalny) Pobierz plik Wniosek o warunek hodowlany [&hellip;]<\/p>\n","protected":false},"author":1,"featured_media":0,"parent":0,"menu_order":0,"comment_status":"closed","ping_status":"closed","template":"","meta":{"footnotes":""},"class_list":["post-72","page","type-page","status-publish","hentry"],"_links":{"self":[{"href":"https:\/\/torunzkwp.pl\/index.php?rest_route=\/wp\/v2\/pages\/72","targetHints":{"allow":["GET"]}}],"collection":[{"href":"https:\/\/torunzkwp.pl\/index.php?rest_route=\/wp\/v2\/pages"}],"about":[{"href":"https:\/\/torunzkwp.pl\/index.php?rest_route=\/wp\/v2\/types\/page"}],"author":[{"embeddable":true,"href":"https:\/\/torunzkwp.pl\/index.php?rest_route=\/wp\/v2\/users\/1"}],"replies":[{"embeddable":true,"href":"https:\/\/torunzkwp.pl\/index.php?rest_route=%2Fwp%2Fv2%2Fcomments&post=72"}],"version-history":[{"count":10,"href":"https:\/\/torunzkwp.pl\/index.php?rest_route=\/wp\/v2\/pages\/72\/revisions"}],"predecessor-version":[{"id":378,"href":"https:\/\/torunzkwp.pl\/index.php?rest_route=\/wp\/v2\/pages\/72\/revisions\/378"}],"wp:attachment":[{"href":"https:\/\/torunzkwp.pl\/index.php?rest_route=%2Fwp%2Fv2%2Fmedia&parent=72"}],"curies":[{"name":"wp","href":"https:\/\/api.w.org\/{rel}","templated":true}]}}