{"id":410,"date":"2025-05-13T19:00:26","date_gmt":"2025-05-13T17:00:26","guid":{"rendered":"https:\/\/torunzkwp.pl\/?page_id=410"},"modified":"2026-01-16T16:14:54","modified_gmt":"2026-01-16T15:14:54","slug":"sprawy-hodowlane","status":"publish","type":"page","link":"https:\/\/torunzkwp.pl\/?page_id=410","title":{"rendered":"Sprawy hodowlane"},"content":{"rendered":"\n<p><strong>Szanowni Hodowcy, Kierownicy Sekcji i Zast\u0119pcy, S\u0119dziowie Kynologiczni i Asystenci, Wszyscy Cz\u0142onkowie Zwi\u0105zku Kynologicznego w Polsce, prosimy o zapoznanie si\u0119 z komunikatem Zarz\u0105du G\u0142\u00f3wnego ZKwP oraz Przewodnicz\u0105cej G\u0142\u00f3wnej Komisji Hodowlanej \u2013 Pani Anny Pulikowskiej-Klimondy:<\/strong><\/p>\n\n\n\n<p>Warszawa, 13.01.2026<br>L.Dz. 57\/2026<\/p>\n\n\n\n<p>Zwi\u0105zek Kynologiczny w Polsce<br>Wszystkie Oddzia\u0142y<\/p>\n\n\n\n<p>W reakcji na ostatnie wydarzenia, gdzie stwierdzono zn\u0119canie si\u0119 nad zwierz\u0119tami przez cz\u0142onka naszego stowarzyszenia, Zarz\u0105d G\u0142\u00f3wny i G\u0142\u00f3wna Komisja Hodowlana przypominaj\u0105 o bezwzgl\u0119dnym przestrzeganiu procedur i regulamin\u00f3w ZKwP. Prosimy o przes\u0142anie tre\u015bci maila osobom funkcyjnym w Oddzia\u0142ach oraz hodowcom.<\/p>\n\n\n\n<p>W oparciu o Regulamin Hodowli Ps\u00f3w, Statut ZKwP i Ustaw\u0119 o Ochronie Zwierz\u0105t zebrali\u015bmy nast\u0119puj\u0105ce wytyczne obowi\u0105zuj\u0105ce Oddzia\u0142y i Hodowc\u00f3w, uzupe\u0142nione o dobr\u0105 praktyk\u0119 z Oddzia\u0142\u00f3w Terenowych ZKwP:<br>1. Przegl\u0105d miotu odbywa\u0107 si\u0119 mo\u017ce wy\u0142\u0105cznie pod adresem hodowli, podanym w Oddziale i wpisanym do Przydomka Hodowlanego. Dopuszcza si\u0119 przegl\u0105d miotu u wsp\u00f3\u0142w\u0142a\u015bciciela widniej\u0105cego na rodowodzie suki matki, po z\u0142o\u017ceniu o\u015bwiadczenia g\u0142\u00f3wnego (pierwszego) w\u0142a\u015bciciela, \u017ce znany jest mu stan i warunki odchowu szczeni\u0105t. O\u015bwiadczenie powinno trafi\u0107 do biura Oddzia\u0142u g\u0142\u00f3wnego w\u0142a\u015bciciela wraz ze zg\u0142oszeniem miotu.<br>2. Hodowca, kt\u00f3remu Oddzia\u0142 odm\u00f3wi\u0142 przegl\u0105du miotu pod adresem hodowli, musi zawiadomi\u0107 o tym fakcie biuro Zarz\u0105du G\u0142\u00f3wnego (zg@zkwp.pl).<br>3. Hodowcy maj\u0105 obowi\u0105zek zg\u0142oszenia miotu do biura Oddzia\u0142u w terminie do 14 dni od narodzin szczeni\u0105t w hodowli.<br>4. Oddzia\u0142y powinny regularnie dokonywa\u0107 kontroli hodowli. W przypadku uzyskania informacji o z\u0142ej sytuacji w danej hodowli, niezw\u0142ocznie nale\u017cy przeprowadzi\u0107 jej kontrol\u0119 z udzia\u0142em Inspekcji Weterynaryjnej, a tak\u017ce powiadomi\u0107 o kontroli G\u0142\u00f3wn\u0105 Komisj\u0119 Hodowlan\u0105.<br>5.Zarz\u0105d G\u0142\u00f3wny nak\u0142ada na Oddzia\u0142 przyjmuj\u0105cy cz\u0142onka przenosz\u0105cego si\u0119 z innego Oddzia\u0142u obowi\u0105zek poinformowania tego Oddzia\u0142u oraz biura Zarz\u0105du G\u0142\u00f3wnego.<br>Dotychczasowy Oddzia\u0142 ma obowi\u0105zek przes\u0142a\u0107 do nowego Oddzia\u0142u oraz Zarz\u0105du G\u0142\u00f3wnego:<br>\u2013 wykaz ps\u00f3w zarejestrowanych na przenosz\u0105cego si\u0119 cz\u0142onka, zgodnie ze stanem w systemie Bazyli,<br>\u2013 wykaz miot\u00f3w (suka matka + ilo\u015b\u0107 szczeni\u0105t) zarejestrowanych w systemie Bazyli, w roku przeniesienia.<br>Dokumentacja hodowlana, protoko\u0142y przegl\u0105d\u00f3w hodowli i przegl\u0105d\u00f3w miot\u00f3w pozostaj\u0105 w dotychczasowym Oddziale i podlegaj\u0105 archiwizacji przez okres 6 lat.<br>6. Odbi\u00f3r szczeni\u0105t przez nabywc\u00f3w mo\u017ce odbywa\u0107 si\u0119 tylko pod adresem hodowcy\/wsp\u00f3\u0142w\u0142a\u015bciciela widniej\u0105cym na metryce szczeni\u0105t. Zg\u0142oszenie przez nabywc\u0119 odbioru szczeni\u0119cia poza adresem hodowli b\u0119dzie skutkowa\u0142o automatycznym zawieszeniem hodowli i wszcz\u0119ciem post\u0119powania dyscyplinarnego.<br>*Wyj\u0105tek stanowi\u0105 szczeni\u0119ta wyje\u017cd\u017caj\u0105ce za granic\u0119, dla kt\u00f3rych metryki zosta\u0142y z\u0142o\u017cone na wyrobienie rodowod\u00f3w eksportowych.<\/p>\n\n\n\n<p>Oczekujemy odpowiedzialnej i transparentnej wsp\u00f3\u0142pracy ze strony wszystkich Oddzia\u0142\u00f3w. Dobrostan ps\u00f3w stanowi nadrz\u0119dny fundament naszej dzia\u0142alno\u015bci, a wszystkie podejmowane dzia\u0142ania s\u0142u\u017c\u0105 jego ochronie i realnej poprawie.<br>W najbli\u017cszych tygodniach zostanie zwo\u0142ane zebranie z Przewodnicz\u0105cymi Oddzia\u0142\u00f3w ds. Hodowlanych i\/lub Przewodnicz\u0105cymi Oddzia\u0142\u00f3w, kt\u00f3rego celem b\u0119dzie jednoznaczne om\u00f3wienie zasad realizacji oraz egzekwowania procedur regulaminowych we wszystkich Oddzia\u0142ach.<\/p>\n\n\n\n<p>Zarz\u0105d G\u0142\u00f3wny zastrzega, \u017ce wszelkie dzia\u0142ania podejmowane z naruszeniem obowi\u0105zuj\u0105cych regulamin\u00f3w lub w spos\u00f3b godz\u0105cy w dobrostan ps\u00f3w b\u0119d\u0105 traktowane jako powa\u017cne uchybienia i mog\u0105 skutkowa\u0107 zastosowaniem sankcji organizacyjnych, w tym zawieszeniem w\u0142adz Oddzia\u0142u.<\/p>\n\n\n\n<p>Z powa\u017caniem<br>Anna Pulikowska-Klimonda<br>Przewodnicz\u0105ca G\u0142\u00f3wnej Komisji Hodowlanej ZKwP<\/p>\n\n\n\n<hr class=\"wp-block-separator has-alpha-channel-opacity\"\/>\n\n\n\n<p><mark style=\"background-color:rgba(0, 0, 0, 0)\" class=\"has-inline-color has-vivid-red-color\">Zgodnie z podj\u0119ta decyzj\u0105 na zebraniu Oddzia\u0142owej Komisji Hodowlanej, prosimy aby hodowcy zg\u0142aszali si\u0119 na przegl\u0105d miotu z dwutygodniowym wyprzedzeniem informuj\u0105c o tym kierownika sekcji i z nim ustalaj\u0105c dogodny termin dla obu stron.<\/mark><\/p>\n\n\n\n<div class=\"wp-block-file aligncenter\"><a id=\"wp-block-file--media-01cd5348-d240-4439-8734-06c213ec3ff5\" href=\"https:\/\/torunzkwp.pl\/wp-content\/uploads\/2025\/05\/Regulamin_Hodowli_Psow_Rasowych.pdf\"><strong>Regulamin_Hodowli_Psow_Rasowych<\/strong><\/a><a href=\"https:\/\/torunzkwp.pl\/wp-content\/uploads\/2025\/05\/Regulamin_Hodowli_Psow_Rasowych.pdf\" class=\"wp-block-file__button wp-element-button\" download aria-describedby=\"wp-block-file--media-01cd5348-d240-4439-8734-06c213ec3ff5\">Pobierz<\/a><\/div>\n\n\n\n<p><mark style=\"background-color:rgba(0, 0, 0, 0)\" class=\"has-inline-color has-vivid-red-color\">Zgodnie z Regulaminem Hodowli Ps\u00f3w Rasowych pkt VI &amp; 14, ppkt 2 Hodowca jest zobowi\u0105zany w ci\u0105gu 14 dni powiadomi\u0107 w\u0142a\u015bciciela reproduktora oraz kierownika sekcji w swoim oddziale o urodzeniu si\u0119 szczeni\u0105t.<\/mark><\/p>\n","protected":false},"excerpt":{"rendered":"<p>Szanowni Hodowcy, Kierownicy Sekcji i Zast\u0119pcy, S\u0119dziowie Kynologiczni i Asystenci, Wszyscy Cz\u0142onkowie Zwi\u0105zku Kynologicznego w Polsce, prosimy o zapoznanie si\u0119 z komunikatem Zarz\u0105du G\u0142\u00f3wnego ZKwP oraz Przewodnicz\u0105cej G\u0142\u00f3wnej Komisji Hodowlanej \u2013 Pani Anny Pulikowskiej-Klimondy: Warszawa, 13.01.2026L.Dz. 57\/2026 Zwi\u0105zek Kynologiczny w PolsceWszystkie Oddzia\u0142y W reakcji na ostatnie wydarzenia, gdzie stwierdzono zn\u0119canie si\u0119 nad zwierz\u0119tami przez cz\u0142onka [&hellip;]<\/p>\n","protected":false},"author":1,"featured_media":0,"parent":0,"menu_order":0,"comment_status":"closed","ping_status":"closed","template":"","meta":{"footnotes":""},"class_list":["post-410","page","type-page","status-publish","hentry"],"_links":{"self":[{"href":"https:\/\/torunzkwp.pl\/index.php?rest_route=\/wp\/v2\/pages\/410","targetHints":{"allow":["GET"]}}],"collection":[{"href":"https:\/\/torunzkwp.pl\/index.php?rest_route=\/wp\/v2\/pages"}],"about":[{"href":"https:\/\/torunzkwp.pl\/index.php?rest_route=\/wp\/v2\/types\/page"}],"author":[{"embeddable":true,"href":"https:\/\/torunzkwp.pl\/index.php?rest_route=\/wp\/v2\/users\/1"}],"replies":[{"embeddable":true,"href":"https:\/\/torunzkwp.pl\/index.php?rest_route=%2Fwp%2Fv2%2Fcomments&post=410"}],"version-history":[{"count":3,"href":"https:\/\/torunzkwp.pl\/index.php?rest_route=\/wp\/v2\/pages\/410\/revisions"}],"predecessor-version":[{"id":676,"href":"https:\/\/torunzkwp.pl\/index.php?rest_route=\/wp\/v2\/pages\/410\/revisions\/676"}],"wp:attachment":[{"href":"https:\/\/torunzkwp.pl\/index.php?rest_route=%2Fwp%2Fv2%2Fmedia&parent=410"}],"curies":[{"name":"wp","href":"https:\/\/api.w.org\/{rel}","templated":true}]}}