{"id":385,"date":"2025-05-11T12:46:21","date_gmt":"2025-05-11T10:46:21","guid":{"rendered":"https:\/\/torunzkwp.pl\/?page_id=385"},"modified":"2025-05-11T12:46:22","modified_gmt":"2025-05-11T10:46:22","slug":"przeglady-hodowlane","status":"publish","type":"page","link":"https:\/\/torunzkwp.pl\/?page_id=385","title":{"rendered":"Przegl\u0105dy hodowlane"},"content":{"rendered":"\n<p>Informujemy, \u017ce <strong><mark style=\"background-color:rgba(0, 0, 0, 0)\" class=\"has-inline-color has-vivid-red-color\">w\u00a0ka\u017cdy czwartek miesi\u0105ca<\/mark><\/strong>, po wcze\u015bniejszym zg\u0142oszeniu, b\u0119d\u0105 odbywa\u0142y si\u0119\u00a0<strong><mark style=\"background-color:rgba(0, 0, 0, 0)\" class=\"has-inline-color has-vivid-red-color\">przegl\u0105dy hodowlane<\/mark>\u00a0<\/strong>przeprowadzane zgodnie z nast\u0119puj\u0105cymi\u00a0<a href=\"http:\/\/www.zkwp.pl\/1.tmp\/_documents\/zkwp-pdf-zasady-organizacji-przegladu-hodowlanego-2020-23052020.pdf\" target=\"_blank\" rel=\"noreferrer noopener\">zasadami (PDF) ><\/a><br><br>Przegl\u0105dy odbywa\u0107 si\u0119 b\u0119d\u0105 w siedzibie oddzia\u0142u w Toruniu przy ul. Sk\u0142odowskiej-Curie 84 od godz. 17.00, przeprowadzane b\u0119d\u0105 przez nast\u0119puj\u0105cych s\u0119dzi\u00f3w:<\/p>\n\n\n\n<p>-owczarki i inne psy pasterskie, z wy\u0142\u0105czeniem szwajcarskich ps\u00f3w do byd\u0142a (bez owczark\u00f3w niemieckich) &#8211; Beata Klawi\u0144ska&nbsp;<br>&#8211; pinczery, sznaucery i czarne teriery -Beata Klawi\u0144ska,&nbsp; Karolina W\u00f3jcik-Wonorska<br>&#8211; teriery &#8211; Anna Winiarska<br>&#8211; jamniki &#8211; Karolina W\u00f3jcik-Wonorska<br>&#8211; wy\u017c\u0142y &#8211; Anna Winiarska<br>&#8211; aportery, p\u0142ochacze i psy dowodne, charty &#8211; S\u0142awomir Sztul<br>&#8211; rasy nieuznane &#8211; Anna Winiarska<br><br><strong><a href=\"http:\/\/www.torun.zkwp.pl\/2020_Zgloszenie_przegladu.pdf\" rel=\"noreferrer noopener\" target=\"_blank\">Wype\u0142nione elektronicznie zg\u0142oszenia (plik PDF &gt;)<\/a><\/strong>&nbsp;prosz\u0119 przesy\u0142a\u0107 na maila&nbsp;<a href=\"mailto:torun@zkwp.pl\">torun@zkwp.pl<\/a>&nbsp;do dw\u00f3ch dni przed ka\u017cdym terminem przegl\u0105du.<br><br>Op\u0142aty w wysoko\u015bci 900 z\u0142 + 10 z\u0142 druk przegl\u0105du prosz\u0119 wp\u0142aca\u0107 na konto Zwi\u0105zku Kynologicznego w Polsce oddzia\u0142 w Toruniu nr 44 2030 0045 1110 0000 0407 5350 z dopiskiem przegl\u0105d hodowlany.<\/p>\n","protected":false},"excerpt":{"rendered":"<p>Informujemy, \u017ce w\u00a0ka\u017cdy czwartek miesi\u0105ca, po wcze\u015bniejszym zg\u0142oszeniu, b\u0119d\u0105 odbywa\u0142y si\u0119\u00a0przegl\u0105dy hodowlane\u00a0przeprowadzane zgodnie z nast\u0119puj\u0105cymi\u00a0zasadami (PDF) > Przegl\u0105dy odbywa\u0107 si\u0119 b\u0119d\u0105 w siedzibie oddzia\u0142u w Toruniu przy ul. Sk\u0142odowskiej-Curie 84 od godz. 17.00, przeprowadzane b\u0119d\u0105 przez nast\u0119puj\u0105cych s\u0119dzi\u00f3w: -owczarki i inne psy pasterskie, z wy\u0142\u0105czeniem szwajcarskich ps\u00f3w do byd\u0142a (bez owczark\u00f3w niemieckich) &#8211; Beata Klawi\u0144ska&nbsp;&#8211; [&hellip;]<\/p>\n","protected":false},"author":1,"featured_media":0,"parent":0,"menu_order":0,"comment_status":"closed","ping_status":"closed","template":"","meta":{"footnotes":""},"class_list":["post-385","page","type-page","status-publish","hentry"],"_links":{"self":[{"href":"https:\/\/torunzkwp.pl\/index.php?rest_route=\/wp\/v2\/pages\/385","targetHints":{"allow":["GET"]}}],"collection":[{"href":"https:\/\/torunzkwp.pl\/index.php?rest_route=\/wp\/v2\/pages"}],"about":[{"href":"https:\/\/torunzkwp.pl\/index.php?rest_route=\/wp\/v2\/types\/page"}],"author":[{"embeddable":true,"href":"https:\/\/torunzkwp.pl\/index.php?rest_route=\/wp\/v2\/users\/1"}],"replies":[{"embeddable":true,"href":"https:\/\/torunzkwp.pl\/index.php?rest_route=%2Fwp%2Fv2%2Fcomments&post=385"}],"version-history":[{"count":1,"href":"https:\/\/torunzkwp.pl\/index.php?rest_route=\/wp\/v2\/pages\/385\/revisions"}],"predecessor-version":[{"id":386,"href":"https:\/\/torunzkwp.pl\/index.php?rest_route=\/wp\/v2\/pages\/385\/revisions\/386"}],"wp:attachment":[{"href":"https:\/\/torunzkwp.pl\/index.php?rest_route=%2Fwp%2Fv2%2Fmedia&parent=385"}],"curies":[{"name":"wp","href":"https:\/\/api.w.org\/{rel}","templated":true}]}}