{"id":382,"date":"2025-05-11T12:42:36","date_gmt":"2025-05-11T10:42:36","guid":{"rendered":"https:\/\/torunzkwp.pl\/?page_id=382"},"modified":"2025-05-11T12:44:52","modified_gmt":"2025-05-11T10:44:52","slug":"testy-dna","status":"publish","type":"page","link":"https:\/\/torunzkwp.pl\/?page_id=382","title":{"rendered":"Testy DNA"},"content":{"rendered":"\n<p><strong><mark style=\"background-color:rgba(0, 0, 0, 0)\" class=\"has-inline-color has-vivid-red-color\">BADANIE PROFILU DNA PSA\/SUKI<\/mark><br><br><\/strong>Zgodnie z uchwa\u0142\u0105 Zarz\u0105du G\u0142\u00f3wnego z dnia 10.12.2022 wprowadzono\u00a0<mark style=\"background-color:rgba(0, 0, 0, 0)\" class=\"has-inline-color has-vivid-red-color\"><strong>obligatoryjne badanie profilu DNA<\/strong>:<br>&#8211;\u00a0<strong>dla Reproduktor\u00f3w od dnia 01.03.2023<\/strong><br>&#8211;\u00a0<strong>dla Suk Hodowlanych od dnia 01.07.2023<\/strong><br><\/mark><br><strong>DRUKI DO POBRANIA:<\/strong><br>1.\u00a0<a href=\"https:\/\/www.zkwp.pl\/pdf\/Protokol_pobrania_mat_biol_do_badania_DNA.doc\" target=\"_blank\" rel=\"noreferrer noopener\">Protok\u00f3\u0142 pobrania materia\u0142u biologicznego do badania profilu DNA (plik DOC) ><\/a>\u00a0<strong><mark style=\"background-color:rgba(0, 0, 0, 0)\" class=\"has-inline-color has-vivid-red-color\">&#8211; NOWY WZ\u00d3R<\/mark><\/strong><br>2.\u00a0<a href=\"https:\/\/www.zkwp.pl\/pdf\/Protokol_pobrania_mat_biol_do_badania_DNA_przyklad.pdf\" target=\"_blank\" rel=\"noreferrer noopener\">Protok\u00f3\u0142 pobrania materia\u0142u biologicznego do badania profilu DNA &#8211; PRZYK\u0141AD (plik PDF) ><\/a><br>3.\u00a0<a href=\"https:\/\/www.zkwp.pl\/pdf\/Zlecenie_badania_DNA_psow.doc\" target=\"_blank\" rel=\"noreferrer noopener\">Zlecenie badania DNA ps\u00f3w (plik DOC) ><\/a>\u00a0<strong><mark style=\"background-color:rgba(0, 0, 0, 0)\" class=\"has-inline-color has-vivid-red-color\">&#8211; NOWY WZ\u00d3R<\/mark><\/strong><br>4.\u00a0<a href=\"https:\/\/www.zkwp.pl\/pdf\/Zlecenie_badania_DNA_psow_przyklad.pdf\" target=\"_blank\" rel=\"noreferrer noopener\">Zlecenie badania DNA ps\u00f3w &#8211; PRZYK\u0141AD (plik PDF) ><\/a><br>5.\u00a0<a href=\"https:\/\/www.zkwp.pl\/pdf\/Instrukcja_dla_wlascicela_Badanie_Profilu_DNA.pdf\" target=\"_blank\" rel=\"noreferrer noopener\">Instrukcja dla w\u0142a\u015bciciela \u2013 Badanie Profilu DNA (plik PDF) ><\/a><br><br><strong>INSTRUKCJA BADANIA PROFILU DNA:<\/strong><br>1. W\u0142a\u015bciciel psa\/suki pobiera i wype\u0142nia dwa druki (Protok\u00f3\u0142 pobrania materia\u0142u biologicznego do badania DNA oraz Zlecenie badania DNA ps\u00f3w).<br>2. W\u0142a\u015bciciel psa\/suki op\u0142aca badania na wskazany rachunek bankowy (patrz &#8211; Instrukcja dla w\u0142a\u015bciciela)<br>3. Lekarz weterynarii pobiera krew, potwierdza identyfikacj\u0119 psa\/suki na wype\u0142nionym druku i wysy\u0142a pobrany materia\u0142 do Laboratorium Genetyki Molekularnej w Balicach wraz z za\u0142\u0105czonym dowodem wp\u0142aty za badanie.<br>4. Certyfikat przesy\u0142any jest do macierzystego Oddzia\u0142u w\u0142a\u015bciciela psa\/suki.<br>5. Przy odbiorze certyfikatu biuro Oddzia\u0142u dokonuje wpisu do rodowodu psa\/suki.<br><br>Na stronie Laboratorium Genetyki Molekularnej, Instytut Zootechniki \u2013 PIB znajduje si\u0119:\u00a0<a href=\"https:\/\/lgm.izoo.krakow.pl\/uslugi\/identyfikacja-osobnicza-i-kontrola-rodowodow\/psy\" target=\"_blank\" rel=\"noreferrer noopener\">https:\/\/lgm.izoo.krakow.pl\/uslugi\/identyfikacja-osobnicza-i-kontrola-rodowodow\/psy<\/a><\/p>\n\n\n\n<p>Dla hodowc\u00f3w zrzeszonych w ZKwP obowi\u0105zuj\u0105c\u0105 kwot\u0105\u00a0<strong><mark style=\"background-color:rgba(0, 0, 0, 0)\" class=\"has-inline-color has-vivid-red-color\">za 1 pr\u00f3bk\u0119 jest kwota 195 z\u0142 brutto<\/mark><\/strong>, niezale\u017cnie od ilo\u015bci przes\u0142anych pr\u00f3bek.<br>Wp\u0142at prosimy dokonywa\u0107 na numer rachunku bankowego: <strong>44 1020 2892 0000 5802 0760 3683<\/strong>\u00a0<\/p>\n","protected":false},"excerpt":{"rendered":"<p>BADANIE PROFILU DNA PSA\/SUKI Zgodnie z uchwa\u0142\u0105 Zarz\u0105du G\u0142\u00f3wnego z dnia 10.12.2022 wprowadzono\u00a0obligatoryjne badanie profilu DNA:&#8211;\u00a0dla Reproduktor\u00f3w od dnia 01.03.2023&#8211;\u00a0dla Suk Hodowlanych od dnia 01.07.2023DRUKI DO POBRANIA:1.\u00a0Protok\u00f3\u0142 pobrania materia\u0142u biologicznego do badania profilu DNA (plik DOC) >\u00a0&#8211; NOWY WZ\u00d3R2.\u00a0Protok\u00f3\u0142 pobrania materia\u0142u biologicznego do badania profilu DNA &#8211; PRZYK\u0141AD (plik PDF) >3.\u00a0Zlecenie badania DNA ps\u00f3w (plik [&hellip;]<\/p>\n","protected":false},"author":1,"featured_media":0,"parent":0,"menu_order":0,"comment_status":"closed","ping_status":"closed","template":"","meta":{"footnotes":""},"class_list":["post-382","page","type-page","status-publish","hentry"],"_links":{"self":[{"href":"https:\/\/torunzkwp.pl\/index.php?rest_route=\/wp\/v2\/pages\/382","targetHints":{"allow":["GET"]}}],"collection":[{"href":"https:\/\/torunzkwp.pl\/index.php?rest_route=\/wp\/v2\/pages"}],"about":[{"href":"https:\/\/torunzkwp.pl\/index.php?rest_route=\/wp\/v2\/types\/page"}],"author":[{"embeddable":true,"href":"https:\/\/torunzkwp.pl\/index.php?rest_route=\/wp\/v2\/users\/1"}],"replies":[{"embeddable":true,"href":"https:\/\/torunzkwp.pl\/index.php?rest_route=%2Fwp%2Fv2%2Fcomments&post=382"}],"version-history":[{"count":2,"href":"https:\/\/torunzkwp.pl\/index.php?rest_route=\/wp\/v2\/pages\/382\/revisions"}],"predecessor-version":[{"id":384,"href":"https:\/\/torunzkwp.pl\/index.php?rest_route=\/wp\/v2\/pages\/382\/revisions\/384"}],"wp:attachment":[{"href":"https:\/\/torunzkwp.pl\/index.php?rest_route=%2Fwp%2Fv2%2Fmedia&parent=382"}],"curies":[{"name":"wp","href":"https:\/\/api.w.org\/{rel}","templated":true}]}}