{"id":352,"date":"2025-04-30T11:28:07","date_gmt":"2025-04-30T09:28:07","guid":{"rendered":"https:\/\/torunzkwp.pl\/?page_id=352"},"modified":"2025-10-24T12:20:07","modified_gmt":"2025-10-24T10:20:07","slug":"galeria-oddzialu","status":"publish","type":"page","link":"https:\/\/torunzkwp.pl\/?page_id=352","title":{"rendered":"Galeria Oddzia\u0142u"},"content":{"rendered":"\n<p>W dniu 11 pa\u017adziernika 2025 roku w Ma\u0142ych Radowiskach na terenach go\u015bcinnego Ko\u0142a \u0141owieckiego Tur Toru\u0144 odby\u0142y si\u0119 Testy Hodowlane dla Wy\u017c\u0142\u00f3w. Organizatorem tego wydarzenia by\u0142a sekcja ps\u00f3w my\u015bliwskich ZKwP Oddzia\u0142 Toru\u0144 przy ogromnej wsp\u00f3\u0142pracy Komisji Kynologicznej przy ZO PZ\u0141 Toru\u0144.W tym miejscu pragniemy serdecznie podzi\u0119kowa\u0107 kol.s\u0119dziemu Przewodniczacemu Komisji Kynologicznej ZO PZ\u0141 Toru\u0144 Krzysztofowi Majbrodzkiemu i Jakubowi Bollin za okazan\u0105 ogromn\u0105 pomoc i wsparcie.<br>W testach wzi\u0119\u0142o udzia\u0142 8 ps\u00f3w, takich ras jak epagneul breton, wy\u017c\u0142y niemieckie szorstkow\u0142ose, wy\u017ce\u0142 niemiecki kr\u00f3tkow\u0142osy, ma\u0142y munsterlander, wy\u017ce\u0142 weimarski kr\u00f3tkow\u0142osy i wy\u017c\u0142y w\u0119gierskie.<br>Najlepszy wynik 100\/ 100 i Dyplom I stopnia uzyska\u0142a sprowadzona do Polski suczka rasy spaniel breto\u0144ski VICHY de la Plaine Marat prowadzona przez pani\u0105 Monik\u0119 Zieli\u0144sk\u0105.<br>Wszystkim startuj\u0105cym gratulujemy uzyskanych wynik\u00f3w!<\/p>\n\n\n\n<p>Przez ca\u0142y dzie\u0144 by\u0142o zimno i deszczowo. Ka\u017cdy m\u00f3g\u0142 liczy\u0107 na ciep\u0142y pocz\u0119stunek- pieczone na ognisku kie\u0142baski i specjalnie przygotowany dla wszystkich bigos. Dost\u0119pne by\u0142y gor\u0105ce napoje i woda mineralna.<br>Dzi\u0119kujemy s\u0119dziom, asystentom, cz\u0142onkom sekcji za ich prac\u0119 i zaanga\u017cowanie.Dzi\u0119kujemy za opiek\u0119 weterynaryjn\u0105 kol.Joannie Niemiec.<br>Dzi\u0119kujemy za obecno\u015b\u0107 i wsparcie kol.Joannie D\u0105browskiej &#8211; przewodniczacej toru\u0144skiego oddzia\u0142u ZKwP. Podzi\u0119kowania nale\u017c\u0105 si\u0119 te\u017c firmom Pokusa, Josera &#8211; Karmy dla Psa i Kota i karma Wy\u017c\u0142y spod wiecznego drzewa. Darzb\u00f3r!<\/p>\n\n\n<style>#jtg-618 .modula-item .jtg-social a, .lightbox-socials.jtg-social a{ fill: #ffffff; color: #ffffff }#jtg-618 .modula-item .jtg-social-mobile a{ fill: #ffffff; color: #ffffff }#jtg-618 .modula-item .jtg-social svg, .lightbox-socials.jtg-social svg { height: 16px; width: 16px }#jtg-618 .modula-item .jtg-social-mobile svg { height: 16px; width: 16px }#jtg-618 .modula-item .jtg-social a:not(:last-child), .lightbox-socials.jtg-social a:not(:last-child) { margin-right: 10px }#jtg-618 .modula-item .jtg-social-mobile .jtg-social-mobile-icons a:not(:last-child){ margin-right: 10px }#jtg-618 .modula-item .figc {color:#ffffff;}#jtg-618 .modula-item .figc .jtg-title {  font-size: 24px; }#jtg-618 .modula-item .modula-item-content { transform: scale(1) }#jtg-618 .modula-items .figc p.description { font-size:16px; }#jtg-618 .modula-items .figc p.description { color:#ffffff;}#jtg-618 .modula-items .figc .jtg-title { color:#ffffff; }#jtg-618.modula-gallery .modula-item > a, #jtg-618.modula-gallery .modula-item, #jtg-618.modula-gallery .modula-item-content > a:not(.modula-no-follow) { cursor:zoom-in; } #jtg-618.modula-gallery .modula-item-content .modula-no-follow { cursor: default; } @media screen and (max-width:480px){#jtg-618 .modula-item .figc .jtg-title {  font-size: 12px; }#jtg-618 .modula-items .figc p.description { color:#ffffff;font-size:10px; }}<\/style>\n<div  id=\"jtg-618\" class=\"modula modula-gallery modula-custom-grid\" data-config=\"{&quot;height&quot;:800,&quot;tabletHeight&quot;:800,&quot;mobileHeight&quot;:800,&quot;desktopHeight&quot;:800,&quot;enableTwitter&quot;:false,&quot;enableWhatsapp&quot;:false,&quot;enableFacebook&quot;:false,&quot;enablePinterest&quot;:false,&quot;enableLinkedin&quot;:false,&quot;enableEmail&quot;:false,&quot;randomFactor&quot;:0.5,&quot;type&quot;:&quot;custom-grid&quot;,&quot;columns&quot;:12,&quot;gutter&quot;:10,&quot;mobileGutter&quot;:10,&quot;tabletGutter&quot;:10,&quot;desktopGutter&quot;:10,&quot;enableResponsive&quot;:&quot;0&quot;,&quot;tabletColumns&quot;:2,&quot;mobileColumns&quot;:1,&quot;lazyLoad&quot;:true,&quot;lightboxOpts&quot;:{&quot;animated&quot;:true,&quot;Thumbs&quot;:{&quot;type&quot;:&quot;modern&quot;,&quot;showOnStart&quot;:false},&quot;Toolbar&quot;:{&quot;display&quot;:{&quot;right&quot;:[&quot;close&quot;]},&quot;enabled&quot;:true},&quot;Carousel&quot;:{&quot;Panzoom&quot;:{&quot;touch&quot;:false},&quot;infinite&quot;:false},&quot;keyboard&quot;:{&quot;Escape&quot;:&quot;close&quot;,&quot;Delete&quot;:&quot;close&quot;,&quot;Backspace&quot;:&quot;close&quot;,&quot;PageUp&quot;:false,&quot;PageDown&quot;:false,&quot;ArrowUp&quot;:false,&quot;ArrowDown&quot;:false,&quot;ArrowRight&quot;:false,&quot;ArrowLeft&quot;:false},&quot;touch&quot;:false,&quot;backdropClick&quot;:false,&quot;l10n&quot;:{&quot;CLOSE&quot;:&quot;Zamknij&quot;,&quot;NEXT&quot;:&quot;Nast\\u0119pny&quot;,&quot;PREV&quot;:&quot;Poprzedni&quot;,&quot;Error&quot;:&quot;Nie mo\\u017cna za\\u0142adowa\\u0107 \\u017c\\u0105danej tre\\u015bci. Spr\\u00f3buj ponownie p\\u00f3\\u017aniej.&quot;,&quot;PLAY_START&quot;:&quot;Rozpocznij pokaz slajd\\u00f3w&quot;,&quot;PLAY_STOP&quot;:&quot;Zatrzymaj pokaz slajd\\u00f3w&quot;,&quot;FULL_SCREEN&quot;:&quot;Pe\\u0142ny ekran&quot;,&quot;THUMBS&quot;:&quot;Miniatury&quot;,&quot;DOWNLOAD&quot;:&quot;Pobieranie&quot;,&quot;SHARE&quot;:&quot;Udost\\u0119pnij&quot;,&quot;ZOOM&quot;:&quot;Powi\\u0119kszenie&quot;,&quot;EMAIL&quot;:&quot;Here is the link to the image : %%image_link%% and this is the link to the gallery : %%gallery_link%%&quot;,&quot;MODAL&quot;:&quot;Mo\\u017cesz zamkn\\u0105\\u0107 t\\u0119 zawarto\\u015b\\u0107 okna modalnego za pomoc\\u0105 klawisza ESC&quot;,&quot;ERROR&quot;:&quot;Co\\u015b posz\\u0142o nie tak. Prosz\\u0119 spr\\u00f3bowa\\u0107 p\\u00f3\\u017aniej.&quot;,&quot;IMAGE_ERROR&quot;:&quot;Nie znaleziono obrazka&quot;,&quot;ELEMENT_NOT_FOUND&quot;:&quot;Nie znaleziono elementu HTML&quot;,&quot;AJAX_NOT_FOUND&quot;:&quot;B\\u0142\\u0105d \\u0142adowania AJAX: Nie znaleziono&quot;,&quot;AJAX_FORBIDDEN&quot;:&quot;B\\u0142\\u0105d \\u0142adowania AJAX: Zabronione&quot;,&quot;IFRAME_ERROR&quot;:&quot;B\\u0142\\u0105d \\u0142adowania strony&quot;,&quot;TOGGLE_ZOOM&quot;:&quot;Prze\\u0142\\u0105cz poziom powi\\u0119kszenia&quot;,&quot;TOGGLE_THUMBS&quot;:&quot;Prze\\u0142\\u0105cz miniaturki&quot;,&quot;TOGGLE_SLIDESHOW&quot;:&quot;Prze\\u0142\\u0105cz pokaz slajd\\u00f3w&quot;,&quot;TOGGLE_FULLSCREEN&quot;:&quot;Prze\\u0142\\u0105cz tryb pe\\u0142noekranowy&quot;},&quot;Images&quot;:{&quot;Panzoom&quot;:{&quot;maxScale&quot;:2}},&quot;mainClass&quot;:&quot;modula-fancybox-container modula-lightbox-jtg-618&quot;,&quot;Html&quot;:{&quot;videoAutoplay&quot;:0,&quot;videoTpl&quot;:&quot;&lt;video class=\\&quot;fancybox__html5video\\&quot; controls muted playsinline controlsList controlsList=\\&quot;nodownload\\&quot; poster=\\&quot;{{poster}}\\&quot; src=\\&quot;{{src}}\\&quot; type=\\&quot;{{format}}\\&quot; &gt;  Sorry, your browser doesn&#039;t support embedded videos, &lt;a href=\\&quot;{{src}}\\&quot;&gt; download &lt;\\\/a&gt; and watch with your favorite video player! &lt;\\\/video&gt;&quot;}},&quot;inView&quot;:false,&quot;email_subject&quot;:&quot;Sprawd\\u017a ten niesamowity obrazek!&quot;,&quot;email_message&quot;:&quot;Oto odno\\u015bnik do obrazku: %%image_link%%, a to odno\\u015bnik do galerii: %%gallery_link%%&quot;,&quot;lightbox&quot;:&quot;fancybox&quot;}\">\n\n\t\n\t<div  class=\"modula-items\">\n\t\t<div class=\"modula-item effect-pufrobo\" data-width=\"2\" data-height=\"2\" >\n\t<div class=\"modula-item-overlay\"><\/div>\n\n\t<div class=\"modula-item-content\">\n\n\t\t\t\t\n\t\t\t\t\t<a data-image-id=\"619\" tabindex=\"0\" rel=\"jtg-618\" data-caption=\"\" aria-label=\"Otw\u00f3rz obrazek w Wy\u015bwietlarce\" role=\"button\" class=\"tile-inner modula-item-link\"><\/a>\n\t\t\n\t\t<img class=\"pic wp-image-619 lazyload\"  data-valign=\"middle\" data-halign=\"center\" alt=\"\" data-full=\"https:\/\/torunzkwp.pl\/wp-content\/uploads\/2025\/10\/1000096674.jpg\" title=\"1000096674\" width=\"300\" height=\"225\" data-src=\"https:\/\/torunzkwp.pl\/wp-content\/uploads\/2025\/10\/1000096674.jpg\" data-caption=\"\" data-source=\"modula\"\/>\n\t\t<div class=\"figc no-description\">\n\t\t\t<div class=\"figc-inner\">\n\t\t\t\t\t\t\t\t\t\t\t\t\t\t\t<\/div>\n\t\t<\/div>\n\n\t<\/div>\n\n<\/div><div class=\"modula-item effect-pufrobo\" data-width=\"2\" data-height=\"2\" >\n\t<div class=\"modula-item-overlay\"><\/div>\n\n\t<div class=\"modula-item-content\">\n\n\t\t\t\t\n\t\t\t\t\t<a data-image-id=\"620\" tabindex=\"0\" rel=\"jtg-618\" data-caption=\"\" aria-label=\"Otw\u00f3rz obrazek w Wy\u015bwietlarce\" role=\"button\" class=\"tile-inner modula-item-link\"><\/a>\n\t\t\n\t\t<img class=\"pic wp-image-620 lazyload\"  data-valign=\"middle\" data-halign=\"center\" alt=\"\" data-full=\"https:\/\/torunzkwp.pl\/wp-content\/uploads\/2025\/10\/1000096675.jpg\" title=\"1000096675\" width=\"300\" height=\"225\" data-src=\"https:\/\/torunzkwp.pl\/wp-content\/uploads\/2025\/10\/1000096675.jpg\" data-caption=\"\" data-source=\"modula\"\/>\n\t\t<div class=\"figc no-description\">\n\t\t\t<div class=\"figc-inner\">\n\t\t\t\t\t\t\t\t\t\t\t\t\t\t\t<\/div>\n\t\t<\/div>\n\n\t<\/div>\n\n<\/div><div class=\"modula-item effect-pufrobo\" data-width=\"2\" data-height=\"2\" >\n\t<div class=\"modula-item-overlay\"><\/div>\n\n\t<div class=\"modula-item-content\">\n\n\t\t\t\t\n\t\t\t\t\t<a data-image-id=\"621\" tabindex=\"0\" rel=\"jtg-618\" data-caption=\"\" aria-label=\"Otw\u00f3rz obrazek w Wy\u015bwietlarce\" role=\"button\" class=\"tile-inner modula-item-link\"><\/a>\n\t\t\n\t\t<img class=\"pic wp-image-621 lazyload\"  data-valign=\"middle\" data-halign=\"center\" alt=\"\" data-full=\"https:\/\/torunzkwp.pl\/wp-content\/uploads\/2025\/10\/1000096676.jpg\" title=\"1000096676\" width=\"300\" height=\"225\" data-src=\"https:\/\/torunzkwp.pl\/wp-content\/uploads\/2025\/10\/1000096676.jpg\" data-caption=\"\" data-source=\"modula\"\/>\n\t\t<div class=\"figc no-description\">\n\t\t\t<div class=\"figc-inner\">\n\t\t\t\t\t\t\t\t\t\t\t\t\t\t\t<\/div>\n\t\t<\/div>\n\n\t<\/div>\n\n<\/div><div class=\"modula-item effect-pufrobo\" data-width=\"2\" data-height=\"2\" >\n\t<div class=\"modula-item-overlay\"><\/div>\n\n\t<div class=\"modula-item-content\">\n\n\t\t\t\t\n\t\t\t\t\t<a data-image-id=\"622\" tabindex=\"0\" rel=\"jtg-618\" data-caption=\"\" aria-label=\"Otw\u00f3rz obrazek w Wy\u015bwietlarce\" role=\"button\" class=\"tile-inner modula-item-link\"><\/a>\n\t\t\n\t\t<img class=\"pic wp-image-622 lazyload\"  data-valign=\"middle\" data-halign=\"center\" alt=\"\" data-full=\"https:\/\/torunzkwp.pl\/wp-content\/uploads\/2025\/10\/1000096677.jpg\" title=\"1000096677\" width=\"300\" height=\"225\" data-src=\"https:\/\/torunzkwp.pl\/wp-content\/uploads\/2025\/10\/1000096677.jpg\" data-caption=\"\" data-source=\"modula\"\/>\n\t\t<div class=\"figc no-description\">\n\t\t\t<div class=\"figc-inner\">\n\t\t\t\t\t\t\t\t\t\t\t\t\t\t\t<\/div>\n\t\t<\/div>\n\n\t<\/div>\n\n<\/div><div class=\"modula-item effect-pufrobo\" data-width=\"2\" data-height=\"2\" >\n\t<div class=\"modula-item-overlay\"><\/div>\n\n\t<div class=\"modula-item-content\">\n\n\t\t\t\t\n\t\t\t\t\t<a data-image-id=\"623\" tabindex=\"0\" rel=\"jtg-618\" data-caption=\"\" aria-label=\"Otw\u00f3rz obrazek w Wy\u015bwietlarce\" role=\"button\" class=\"tile-inner modula-item-link\"><\/a>\n\t\t\n\t\t<img class=\"pic wp-image-623 lazyload\"  data-valign=\"middle\" data-halign=\"center\" alt=\"\" data-full=\"https:\/\/torunzkwp.pl\/wp-content\/uploads\/2025\/10\/1000096678.jpg\" title=\"1000096678\" width=\"300\" height=\"225\" data-src=\"https:\/\/torunzkwp.pl\/wp-content\/uploads\/2025\/10\/1000096678.jpg\" data-caption=\"\" data-source=\"modula\"\/>\n\t\t<div class=\"figc no-description\">\n\t\t\t<div class=\"figc-inner\">\n\t\t\t\t\t\t\t\t\t\t\t\t\t\t\t<\/div>\n\t\t<\/div>\n\n\t<\/div>\n\n<\/div><div class=\"modula-item effect-pufrobo\" data-width=\"2\" data-height=\"2\" >\n\t<div class=\"modula-item-overlay\"><\/div>\n\n\t<div class=\"modula-item-content\">\n\n\t\t\t\t\n\t\t\t\t\t<a data-image-id=\"624\" tabindex=\"0\" rel=\"jtg-618\" data-caption=\"\" aria-label=\"Otw\u00f3rz obrazek w Wy\u015bwietlarce\" role=\"button\" class=\"tile-inner modula-item-link\"><\/a>\n\t\t\n\t\t<img class=\"pic wp-image-624 lazyload\"  data-valign=\"middle\" data-halign=\"center\" alt=\"\" data-full=\"https:\/\/torunzkwp.pl\/wp-content\/uploads\/2025\/10\/1000096679.jpg\" title=\"1000096679\" width=\"225\" height=\"300\" data-src=\"https:\/\/torunzkwp.pl\/wp-content\/uploads\/2025\/10\/1000096679.jpg\" data-caption=\"\" data-source=\"modula\"\/>\n\t\t<div class=\"figc no-description\">\n\t\t\t<div class=\"figc-inner\">\n\t\t\t\t\t\t\t\t\t\t\t\t\t\t\t<\/div>\n\t\t<\/div>\n\n\t<\/div>\n\n<\/div><div class=\"modula-item effect-pufrobo\" data-width=\"2\" data-height=\"2\" >\n\t<div class=\"modula-item-overlay\"><\/div>\n\n\t<div class=\"modula-item-content\">\n\n\t\t\t\t\n\t\t\t\t\t<a data-image-id=\"625\" tabindex=\"0\" rel=\"jtg-618\" data-caption=\"\" aria-label=\"Otw\u00f3rz obrazek w Wy\u015bwietlarce\" role=\"button\" class=\"tile-inner modula-item-link\"><\/a>\n\t\t\n\t\t<img class=\"pic wp-image-625 lazyload\"  data-valign=\"middle\" data-halign=\"center\" alt=\"\" data-full=\"https:\/\/torunzkwp.pl\/wp-content\/uploads\/2025\/10\/1000096680.jpg\" title=\"1000096680\" width=\"225\" height=\"300\" data-src=\"https:\/\/torunzkwp.pl\/wp-content\/uploads\/2025\/10\/1000096680.jpg\" data-caption=\"\" data-source=\"modula\"\/>\n\t\t<div class=\"figc no-description\">\n\t\t\t<div class=\"figc-inner\">\n\t\t\t\t\t\t\t\t\t\t\t\t\t\t\t<\/div>\n\t\t<\/div>\n\n\t<\/div>\n\n<\/div><div class=\"modula-item effect-pufrobo\" data-width=\"2\" data-height=\"2\" >\n\t<div class=\"modula-item-overlay\"><\/div>\n\n\t<div class=\"modula-item-content\">\n\n\t\t\t\t\n\t\t\t\t\t<a data-image-id=\"626\" tabindex=\"0\" rel=\"jtg-618\" data-caption=\"\" aria-label=\"Otw\u00f3rz obrazek w Wy\u015bwietlarce\" role=\"button\" class=\"tile-inner modula-item-link\"><\/a>\n\t\t\n\t\t<img class=\"pic wp-image-626 lazyload\"  data-valign=\"middle\" data-halign=\"center\" alt=\"\" data-full=\"https:\/\/torunzkwp.pl\/wp-content\/uploads\/2025\/10\/1000096681.jpg\" title=\"1000096681\" width=\"225\" height=\"300\" data-src=\"https:\/\/torunzkwp.pl\/wp-content\/uploads\/2025\/10\/1000096681.jpg\" data-caption=\"\" data-source=\"modula\"\/>\n\t\t<div class=\"figc no-description\">\n\t\t\t<div class=\"figc-inner\">\n\t\t\t\t\t\t\t\t\t\t\t\t\t\t\t<\/div>\n\t\t<\/div>\n\n\t<\/div>\n\n<\/div><div class=\"modula-item effect-pufrobo\" data-width=\"2\" data-height=\"2\" >\n\t<div class=\"modula-item-overlay\"><\/div>\n\n\t<div class=\"modula-item-content\">\n\n\t\t\t\t\n\t\t\t\t\t<a data-image-id=\"627\" tabindex=\"0\" rel=\"jtg-618\" data-caption=\"\" aria-label=\"Otw\u00f3rz obrazek w Wy\u015bwietlarce\" role=\"button\" class=\"tile-inner modula-item-link\"><\/a>\n\t\t\n\t\t<img class=\"pic wp-image-627 lazyload\"  data-valign=\"middle\" data-halign=\"center\" alt=\"\" data-full=\"https:\/\/torunzkwp.pl\/wp-content\/uploads\/2025\/10\/1000096682.jpg\" title=\"1000096682\" width=\"225\" height=\"300\" data-src=\"https:\/\/torunzkwp.pl\/wp-content\/uploads\/2025\/10\/1000096682.jpg\" data-caption=\"\" data-source=\"modula\"\/>\n\t\t<div class=\"figc no-description\">\n\t\t\t<div class=\"figc-inner\">\n\t\t\t\t\t\t\t\t\t\t\t\t\t\t\t<\/div>\n\t\t<\/div>\n\n\t<\/div>\n\n<\/div><div class=\"modula-item effect-pufrobo\" data-width=\"2\" data-height=\"2\" >\n\t<div class=\"modula-item-overlay\"><\/div>\n\n\t<div class=\"modula-item-content\">\n\n\t\t\t\t\n\t\t\t\t\t<a data-image-id=\"628\" tabindex=\"0\" rel=\"jtg-618\" data-caption=\"\" aria-label=\"Otw\u00f3rz obrazek w Wy\u015bwietlarce\" role=\"button\" class=\"tile-inner modula-item-link\"><\/a>\n\t\t\n\t\t<img class=\"pic wp-image-628 lazyload\"  data-valign=\"middle\" data-halign=\"center\" alt=\"\" data-full=\"https:\/\/torunzkwp.pl\/wp-content\/uploads\/2025\/10\/1000096683.jpg\" title=\"1000096683\" width=\"225\" height=\"300\" data-src=\"https:\/\/torunzkwp.pl\/wp-content\/uploads\/2025\/10\/1000096683.jpg\" data-caption=\"\" data-source=\"modula\"\/>\n\t\t<div class=\"figc no-description\">\n\t\t\t<div class=\"figc-inner\">\n\t\t\t\t\t\t\t\t\t\t\t\t\t\t\t<\/div>\n\t\t<\/div>\n\n\t<\/div>\n\n<\/div><div class=\"modula-item effect-pufrobo\" data-width=\"2\" data-height=\"2\" >\n\t<div class=\"modula-item-overlay\"><\/div>\n\n\t<div class=\"modula-item-content\">\n\n\t\t\t\t\n\t\t\t\t\t<a data-image-id=\"629\" tabindex=\"0\" rel=\"jtg-618\" data-caption=\"\" aria-label=\"Otw\u00f3rz obrazek w Wy\u015bwietlarce\" role=\"button\" class=\"tile-inner modula-item-link\"><\/a>\n\t\t\n\t\t<img class=\"pic wp-image-629 lazyload\"  data-valign=\"middle\" data-halign=\"center\" alt=\"\" data-full=\"https:\/\/torunzkwp.pl\/wp-content\/uploads\/2025\/10\/1000096684.jpg\" title=\"1000096684\" width=\"225\" height=\"300\" data-src=\"https:\/\/torunzkwp.pl\/wp-content\/uploads\/2025\/10\/1000096684.jpg\" data-caption=\"\" data-source=\"modula\"\/>\n\t\t<div class=\"figc no-description\">\n\t\t\t<div class=\"figc-inner\">\n\t\t\t\t\t\t\t\t\t\t\t\t\t\t\t<\/div>\n\t\t<\/div>\n\n\t<\/div>\n\n<\/div><div class=\"modula-item effect-pufrobo\" data-width=\"2\" data-height=\"2\" >\n\t<div class=\"modula-item-overlay\"><\/div>\n\n\t<div class=\"modula-item-content\">\n\n\t\t\t\t\n\t\t\t\t\t<a data-image-id=\"630\" tabindex=\"0\" rel=\"jtg-618\" data-caption=\"\" aria-label=\"Otw\u00f3rz obrazek w Wy\u015bwietlarce\" role=\"button\" class=\"tile-inner modula-item-link\"><\/a>\n\t\t\n\t\t<img class=\"pic wp-image-630 lazyload\"  data-valign=\"middle\" data-halign=\"center\" alt=\"\" data-full=\"https:\/\/torunzkwp.pl\/wp-content\/uploads\/2025\/10\/1000096685.jpg\" title=\"1000096685\" width=\"225\" height=\"300\" data-src=\"https:\/\/torunzkwp.pl\/wp-content\/uploads\/2025\/10\/1000096685.jpg\" data-caption=\"\" data-source=\"modula\"\/>\n\t\t<div class=\"figc no-description\">\n\t\t\t<div class=\"figc-inner\">\n\t\t\t\t\t\t\t\t\t\t\t\t\t\t\t<\/div>\n\t\t<\/div>\n\n\t<\/div>\n\n<\/div><div class=\"modula-item effect-pufrobo\" data-width=\"2\" data-height=\"2\" >\n\t<div class=\"modula-item-overlay\"><\/div>\n\n\t<div class=\"modula-item-content\">\n\n\t\t\t\t\n\t\t\t\t\t<a data-image-id=\"631\" tabindex=\"0\" rel=\"jtg-618\" data-caption=\"\" aria-label=\"Otw\u00f3rz obrazek w Wy\u015bwietlarce\" role=\"button\" class=\"tile-inner modula-item-link\"><\/a>\n\t\t\n\t\t<img class=\"pic wp-image-631 lazyload\"  data-valign=\"middle\" data-halign=\"center\" alt=\"\" data-full=\"https:\/\/torunzkwp.pl\/wp-content\/uploads\/2025\/10\/1000096686.jpg\" title=\"1000096686\" width=\"300\" height=\"225\" data-src=\"https:\/\/torunzkwp.pl\/wp-content\/uploads\/2025\/10\/1000096686.jpg\" data-caption=\"\" data-source=\"modula\"\/>\n\t\t<div class=\"figc no-description\">\n\t\t\t<div class=\"figc-inner\">\n\t\t\t\t\t\t\t\t\t\t\t\t\t\t\t<\/div>\n\t\t<\/div>\n\n\t<\/div>\n\n<\/div>\t\t\n\t<\/div>\n\n\t\n\t\n\t<script type=\"application\/ld+json\">\n\t{\n\t\t\"@context\": \"http:\/\/schema.org\",\n\t\t\"@type\"   : \"ImageGallery\",\n\t\t\"id\"      : \"https:\/\/torunzkwp.pl\/?page_id=352\/\",\n\t\t\"url\"     : \"https:\/\/torunzkwp.pl\/?page_id=352\/\"\n\t}\n\n\t<\/script>\n\n\t\n<\/div>","protected":false},"excerpt":{"rendered":"<p>W dniu 11 pa\u017adziernika 2025 roku w Ma\u0142ych Radowiskach na terenach go\u015bcinnego Ko\u0142a \u0141owieckiego Tur Toru\u0144 odby\u0142y si\u0119 Testy Hodowlane dla Wy\u017c\u0142\u00f3w. Organizatorem tego wydarzenia by\u0142a sekcja ps\u00f3w my\u015bliwskich ZKwP Oddzia\u0142 Toru\u0144 przy ogromnej wsp\u00f3\u0142pracy Komisji Kynologicznej przy ZO PZ\u0141 Toru\u0144.W tym miejscu pragniemy serdecznie podzi\u0119kowa\u0107 kol.s\u0119dziemu Przewodniczacemu Komisji Kynologicznej ZO PZ\u0141 Toru\u0144 Krzysztofowi Majbrodzkiemu [&hellip;]<\/p>\n","protected":false},"author":1,"featured_media":0,"parent":0,"menu_order":0,"comment_status":"closed","ping_status":"closed","template":"","meta":{"footnotes":""},"class_list":["post-352","page","type-page","status-publish","hentry"],"_links":{"self":[{"href":"https:\/\/torunzkwp.pl\/index.php?rest_route=\/wp\/v2\/pages\/352","targetHints":{"allow":["GET"]}}],"collection":[{"href":"https:\/\/torunzkwp.pl\/index.php?rest_route=\/wp\/v2\/pages"}],"about":[{"href":"https:\/\/torunzkwp.pl\/index.php?rest_route=\/wp\/v2\/types\/page"}],"author":[{"embeddable":true,"href":"https:\/\/torunzkwp.pl\/index.php?rest_route=\/wp\/v2\/users\/1"}],"replies":[{"embeddable":true,"href":"https:\/\/torunzkwp.pl\/index.php?rest_route=%2Fwp%2Fv2%2Fcomments&post=352"}],"version-history":[{"count":4,"href":"https:\/\/torunzkwp.pl\/index.php?rest_route=\/wp\/v2\/pages\/352\/revisions"}],"predecessor-version":[{"id":634,"href":"https:\/\/torunzkwp.pl\/index.php?rest_route=\/wp\/v2\/pages\/352\/revisions\/634"}],"wp:attachment":[{"href":"https:\/\/torunzkwp.pl\/index.php?rest_route=%2Fwp%2Fv2%2Fmedia&parent=352"}],"curies":[{"name":"wp","href":"https:\/\/api.w.org\/{rel}","templated":true}]}}