{"id":348,"date":"2025-04-30T11:26:50","date_gmt":"2025-04-30T09:26:50","guid":{"rendered":"https:\/\/torunzkwp.pl\/?page_id=348"},"modified":"2025-06-05T19:39:51","modified_gmt":"2025-06-05T17:39:51","slug":"sekcja-psow-mysliwskich","status":"publish","type":"page","link":"https:\/\/torunzkwp.pl\/?page_id=348","title":{"rendered":"Sekcja Ps\u00f3w My\u015bliwskich"},"content":{"rendered":"\n<p><strong>Przewodnicz\u0105ca<\/strong> &#8211; Magdalena Anna Koz\u0142owska &#8211; s\u0119dzia pracy<br><strong>Z-ca Przewodnicz\u0105cej<\/strong> &#8211; Agnieszka Szymczak<br><strong>Sekretarz<\/strong> &#8211; Alicja Nowacka<br><br><strong>Cz\u0142onkowie:<\/strong><br>Janina Arczykowska &#8211; asystent<br>Krzysztof Majbrodzki &#8211; s\u0119dzia pracy<br>Sylwester Tu\u0142odziecki &#8211; s\u0119dzia pracy<br>Micha\u0142 Klafczy\u0144ski &#8211; s\u0119dzia pracy<br>Piotr Borkowski &#8211; asystent<br>Piotr Baran<br>B\u0142a\u017cej Nowacki<br>Artur Niemiec<br>\u0141ukasz Kasi\u0144ski<br>Paulina Korpal<\/p>\n\n\n\n<p><strong>Terminarz planowanych imprez<\/strong><\/p>\n\n\n\n<p>20-09-2025 Konkurs Pracy Retriever\u00f3w kl.A i B &#8211; OHZ Grodno<br>11-09-2025 Testy dla Wy\u017c\u0142\u00f3w &#8211; Ma\u0142e Radowiska<br>25-10-2025 Konkurs Pracy Ps\u00f3w po Sfarbowanej \u015acie\u017cce &#8211; Olek k.Torunia<br>25-10-2025 Konkurs Pracy Posokowc\u00f3w stopie\u0144 trudno\u015bci A &#8211; Olek k.Torunia<\/p>\n\n\n\n<p><strong>Imprezy organizowane przez Komisj\u0119 Kynologiczn\u0105 ZO PZ\u0141 w Toruniu przy wsp\u00f3\u0142udziale Sekcji Ps\u00f3w My\u015bliwskich ZKwP oddz. w Toruniu<\/strong><\/p>\n\n\n\n<p>26-04-2025 Warsztaty Tropowe &#8211; \u0141ysomice<br>09-08-2025 Warsztaty dla Wy\u017c\u0142\u00f3w &#8211; Ma\u0142e Radowiska<\/p>\n\n\n\n<p>Przypominamy, \u017ce aby wzi\u0105\u0107 udzia\u0142 w imprezach organizowanych przez ZKwP nale\u017cy mie\u0107 op\u0142acon\u0105 bie\u017c\u0105c\u0105 sk\u0142adk\u0119.W 2025 roku jest to 100 z\u0142.<\/p>\n\n\n\n<p>Zg\u0142oszenia na konkursy i testy b\u0119d\u0105 obs\u0142ugiwane przez <a href=\"http:\/\/www.dogportal.pl\" data-type=\"link\" data-id=\"www.dogportal.pl\">www.dogportal.pl<\/a><\/p>\n\n\n\n<hr class=\"wp-block-separator has-alpha-channel-opacity\"\/>\n\n\n<style>#jtg-397 .modula-item .jtg-social a, .lightbox-socials.jtg-social a{ fill: #ffffff; color: #ffffff }#jtg-397 .modula-item .jtg-social-mobile a{ fill: #ffffff; color: #ffffff }#jtg-397 .modula-item .jtg-social svg, .lightbox-socials.jtg-social svg { height: 16px; width: 16px }#jtg-397 .modula-item .jtg-social-mobile svg { height: 16px; width: 16px }#jtg-397 .modula-item .jtg-social a:not(:last-child), .lightbox-socials.jtg-social a:not(:last-child) { margin-right: 10px }#jtg-397 .modula-item .jtg-social-mobile .jtg-social-mobile-icons a:not(:last-child){ margin-right: 10px }#jtg-397 .modula-item .figc {color:#ffffff;}#jtg-397 .modula-item .figc .jtg-title {  font-size: 24px; }#jtg-397 .modula-item .modula-item-content { transform: scale(1) }#jtg-397 .modula-items .figc p.description { font-size:16px; }#jtg-397 .modula-items .figc p.description { color:#ffffff;}#jtg-397 .modula-items .figc .jtg-title { color:#ffffff; }#jtg-397.modula-gallery .modula-item > a, #jtg-397.modula-gallery .modula-item, #jtg-397.modula-gallery .modula-item-content > a:not(.modula-no-follow) { cursor:zoom-in; } #jtg-397.modula-gallery .modula-item-content .modula-no-follow { cursor: default; } @media screen and (max-width:480px){#jtg-397 .modula-item .figc .jtg-title {  font-size: 12px; }#jtg-397 .modula-items .figc p.description { color:#ffffff;font-size:10px; }}<\/style>\n<div  id=\"jtg-397\" class=\"modula modula-gallery modula-custom-grid\" data-config=\"{&quot;height&quot;:800,&quot;tabletHeight&quot;:800,&quot;mobileHeight&quot;:800,&quot;desktopHeight&quot;:800,&quot;enableTwitter&quot;:false,&quot;enableWhatsapp&quot;:false,&quot;enableFacebook&quot;:false,&quot;enablePinterest&quot;:false,&quot;enableLinkedin&quot;:false,&quot;enableEmail&quot;:false,&quot;randomFactor&quot;:0.5,&quot;type&quot;:&quot;custom-grid&quot;,&quot;columns&quot;:12,&quot;gutter&quot;:10,&quot;mobileGutter&quot;:10,&quot;tabletGutter&quot;:10,&quot;desktopGutter&quot;:10,&quot;enableResponsive&quot;:&quot;0&quot;,&quot;tabletColumns&quot;:2,&quot;mobileColumns&quot;:1,&quot;lazyLoad&quot;:true,&quot;lightboxOpts&quot;:{&quot;animated&quot;:true,&quot;Thumbs&quot;:{&quot;type&quot;:&quot;modern&quot;,&quot;showOnStart&quot;:false},&quot;Toolbar&quot;:{&quot;display&quot;:{&quot;right&quot;:[&quot;close&quot;]},&quot;enabled&quot;:true},&quot;Carousel&quot;:{&quot;Panzoom&quot;:{&quot;touch&quot;:false},&quot;infinite&quot;:false},&quot;keyboard&quot;:{&quot;Escape&quot;:&quot;close&quot;,&quot;Delete&quot;:&quot;close&quot;,&quot;Backspace&quot;:&quot;close&quot;,&quot;PageUp&quot;:false,&quot;PageDown&quot;:false,&quot;ArrowUp&quot;:false,&quot;ArrowDown&quot;:false,&quot;ArrowRight&quot;:false,&quot;ArrowLeft&quot;:false},&quot;touch&quot;:false,&quot;backdropClick&quot;:false,&quot;l10n&quot;:{&quot;CLOSE&quot;:&quot;Zamknij&quot;,&quot;NEXT&quot;:&quot;Nast\\u0119pny&quot;,&quot;PREV&quot;:&quot;Poprzedni&quot;,&quot;Error&quot;:&quot;Nie mo\\u017cna za\\u0142adowa\\u0107 \\u017c\\u0105danej tre\\u015bci. Spr\\u00f3buj ponownie p\\u00f3\\u017aniej.&quot;,&quot;PLAY_START&quot;:&quot;Rozpocznij pokaz slajd\\u00f3w&quot;,&quot;PLAY_STOP&quot;:&quot;Zatrzymaj pokaz slajd\\u00f3w&quot;,&quot;FULL_SCREEN&quot;:&quot;Pe\\u0142ny ekran&quot;,&quot;THUMBS&quot;:&quot;Miniatury&quot;,&quot;DOWNLOAD&quot;:&quot;Pobieranie&quot;,&quot;SHARE&quot;:&quot;Udost\\u0119pnij&quot;,&quot;ZOOM&quot;:&quot;Powi\\u0119kszenie&quot;,&quot;EMAIL&quot;:&quot;Here is the link to the image : %%image_link%% and this is the link to the gallery : %%gallery_link%%&quot;,&quot;MODAL&quot;:&quot;Mo\\u017cesz zamkn\\u0105\\u0107 t\\u0119 zawarto\\u015b\\u0107 okna modalnego za pomoc\\u0105 klawisza ESC&quot;,&quot;ERROR&quot;:&quot;Co\\u015b posz\\u0142o nie tak. Prosz\\u0119 spr\\u00f3bowa\\u0107 p\\u00f3\\u017aniej.&quot;,&quot;IMAGE_ERROR&quot;:&quot;Nie znaleziono obrazka&quot;,&quot;ELEMENT_NOT_FOUND&quot;:&quot;Nie znaleziono elementu HTML&quot;,&quot;AJAX_NOT_FOUND&quot;:&quot;B\\u0142\\u0105d \\u0142adowania AJAX: Nie znaleziono&quot;,&quot;AJAX_FORBIDDEN&quot;:&quot;B\\u0142\\u0105d \\u0142adowania AJAX: Zabronione&quot;,&quot;IFRAME_ERROR&quot;:&quot;B\\u0142\\u0105d \\u0142adowania strony&quot;,&quot;TOGGLE_ZOOM&quot;:&quot;Prze\\u0142\\u0105cz poziom powi\\u0119kszenia&quot;,&quot;TOGGLE_THUMBS&quot;:&quot;Prze\\u0142\\u0105cz miniaturki&quot;,&quot;TOGGLE_SLIDESHOW&quot;:&quot;Prze\\u0142\\u0105cz pokaz slajd\\u00f3w&quot;,&quot;TOGGLE_FULLSCREEN&quot;:&quot;Prze\\u0142\\u0105cz tryb pe\\u0142noekranowy&quot;},&quot;Images&quot;:{&quot;Panzoom&quot;:{&quot;maxScale&quot;:2}},&quot;mainClass&quot;:&quot;modula-fancybox-container modula-lightbox-jtg-397&quot;,&quot;Html&quot;:{&quot;videoAutoplay&quot;:0,&quot;videoTpl&quot;:&quot;&lt;video class=\\&quot;fancybox__html5video\\&quot; controls muted playsinline controlsList controlsList=\\&quot;nodownload\\&quot; poster=\\&quot;{{poster}}\\&quot; src=\\&quot;{{src}}\\&quot; type=\\&quot;{{format}}\\&quot; &gt;  Sorry, your browser doesn&#039;t support embedded videos, &lt;a href=\\&quot;{{src}}\\&quot;&gt; download &lt;\\\/a&gt; and watch with your favorite video player! &lt;\\\/video&gt;&quot;}},&quot;inView&quot;:false,&quot;email_subject&quot;:&quot;Sprawd\\u017a ten niesamowity obrazek!&quot;,&quot;email_message&quot;:&quot;Oto odno\\u015bnik do obrazku: %%image_link%%, a to odno\\u015bnik do galerii: %%gallery_link%%&quot;,&quot;lightbox&quot;:&quot;fancybox&quot;}\">\n\n\t\n\t<div  class=\"modula-items\">\n\t\t<div class=\"modula-item effect-pufrobo\" data-width=\"2\" data-height=\"2\" >\n\t<div class=\"modula-item-overlay\"><\/div>\n\n\t<div class=\"modula-item-content\">\n\n\t\t\t\t\n\t\t\t\t\t<a data-image-id=\"217\" tabindex=\"0\" rel=\"jtg-397\" data-caption=\"\" aria-label=\"Otw\u00f3rz obrazek w Wy\u015bwietlarce\" role=\"button\" class=\"tile-inner modula-item-link\"><\/a>\n\t\t\n\t\t<img class=\"pic wp-image-217 lazyload\"  data-valign=\"middle\" data-halign=\"center\" alt=\"\" data-full=\"https:\/\/torunzkwp.pl\/wp-content\/uploads\/2025\/04\/Zdjecie1-kopia.jpg\" title=\"Zdjecie1 kopia\" width=\"300\" height=\"207\" data-src=\"https:\/\/torunzkwp.pl\/wp-content\/uploads\/2025\/04\/Zdjecie1-kopia.jpg\" data-caption=\"\" data-source=\"modula\"\/>\n\t\t<div class=\"figc no-description\">\n\t\t\t<div class=\"figc-inner\">\n\t\t\t\t\t\t\t\t\t\t\t\t\t\t\t<\/div>\n\t\t<\/div>\n\n\t<\/div>\n\n<\/div><div class=\"modula-item effect-pufrobo\" data-width=\"2\" data-height=\"2\" >\n\t<div class=\"modula-item-overlay\"><\/div>\n\n\t<div class=\"modula-item-content\">\n\n\t\t\t\t\n\t\t\t\t\t<a data-image-id=\"406\" tabindex=\"0\" rel=\"jtg-397\" data-caption=\"\" aria-label=\"Otw\u00f3rz obrazek w Wy\u015bwietlarce\" role=\"button\" class=\"tile-inner modula-item-link\"><\/a>\n\t\t\n\t\t<img class=\"pic wp-image-406 lazyload\"  data-valign=\"middle\" data-halign=\"center\" alt=\"\" data-full=\"https:\/\/torunzkwp.pl\/wp-content\/uploads\/2025\/05\/495338590_730184969664977_8254190954941751859_n.jpg\" title=\"495338590_730184969664977_8254190954941751859_n\" width=\"300\" height=\"225\" data-src=\"https:\/\/torunzkwp.pl\/wp-content\/uploads\/2025\/05\/495338590_730184969664977_8254190954941751859_n.jpg\" data-caption=\"\" data-source=\"modula\"\/>\n\t\t<div class=\"figc no-description\">\n\t\t\t<div class=\"figc-inner\">\n\t\t\t\t\t\t\t\t\t\t\t\t\t\t\t<\/div>\n\t\t<\/div>\n\n\t<\/div>\n\n<\/div><div class=\"modula-item effect-pufrobo\" data-width=\"2\" data-height=\"2\" >\n\t<div class=\"modula-item-overlay\"><\/div>\n\n\t<div class=\"modula-item-content\">\n\n\t\t\t\t\n\t\t\t\t\t<a data-image-id=\"405\" tabindex=\"0\" rel=\"jtg-397\" data-caption=\"\" aria-label=\"Otw\u00f3rz obrazek w Wy\u015bwietlarce\" role=\"button\" class=\"tile-inner modula-item-link\"><\/a>\n\t\t\n\t\t<img class=\"pic wp-image-405 lazyload\"  data-valign=\"middle\" data-halign=\"center\" alt=\"\" data-full=\"https:\/\/torunzkwp.pl\/wp-content\/uploads\/2025\/05\/495130142_730185646331576_4887859440638739170_n.jpg\" title=\"495130142_730185646331576_4887859440638739170_n\" width=\"300\" height=\"300\" data-src=\"https:\/\/torunzkwp.pl\/wp-content\/uploads\/2025\/05\/495130142_730185646331576_4887859440638739170_n.jpg\" data-caption=\"\" data-source=\"modula\"\/>\n\t\t<div class=\"figc no-description\">\n\t\t\t<div class=\"figc-inner\">\n\t\t\t\t\t\t\t\t\t\t\t\t\t\t\t<\/div>\n\t\t<\/div>\n\n\t<\/div>\n\n<\/div><div class=\"modula-item effect-pufrobo\" data-width=\"2\" data-height=\"2\" >\n\t<div class=\"modula-item-overlay\"><\/div>\n\n\t<div class=\"modula-item-content\">\n\n\t\t\t\t\n\t\t\t\t\t<a data-image-id=\"404\" tabindex=\"0\" rel=\"jtg-397\" data-caption=\"\" aria-label=\"Otw\u00f3rz obrazek w Wy\u015bwietlarce\" role=\"button\" class=\"tile-inner modula-item-link\"><\/a>\n\t\t\n\t\t<img class=\"pic wp-image-404 lazyload\"  data-valign=\"middle\" data-halign=\"center\" alt=\"\" data-full=\"https:\/\/torunzkwp.pl\/wp-content\/uploads\/2025\/05\/494994637_730185952998212_7820169546711048673_n.jpg\" title=\"494994637_730185952998212_7820169546711048673_n\" width=\"300\" height=\"300\" data-src=\"https:\/\/torunzkwp.pl\/wp-content\/uploads\/2025\/05\/494994637_730185952998212_7820169546711048673_n.jpg\" data-caption=\"\" data-source=\"modula\"\/>\n\t\t<div class=\"figc no-description\">\n\t\t\t<div class=\"figc-inner\">\n\t\t\t\t\t\t\t\t\t\t\t\t\t\t\t<\/div>\n\t\t<\/div>\n\n\t<\/div>\n\n<\/div><div class=\"modula-item effect-pufrobo\" data-width=\"2\" data-height=\"2\" >\n\t<div class=\"modula-item-overlay\"><\/div>\n\n\t<div class=\"modula-item-content\">\n\n\t\t\t\t\n\t\t\t\t\t<a data-image-id=\"403\" tabindex=\"0\" rel=\"jtg-397\" data-caption=\"\" aria-label=\"Otw\u00f3rz obrazek w Wy\u015bwietlarce\" role=\"button\" class=\"tile-inner modula-item-link\"><\/a>\n\t\t\n\t\t<img class=\"pic wp-image-403 lazyload\"  data-valign=\"middle\" data-halign=\"center\" alt=\"\" data-full=\"https:\/\/torunzkwp.pl\/wp-content\/uploads\/2025\/05\/494939252_730185796331561_2795180114677905690_n.jpg\" title=\"494939252_730185796331561_2795180114677905690_n\" width=\"300\" height=\"300\" data-src=\"https:\/\/torunzkwp.pl\/wp-content\/uploads\/2025\/05\/494939252_730185796331561_2795180114677905690_n.jpg\" data-caption=\"\" data-source=\"modula\"\/>\n\t\t<div class=\"figc no-description\">\n\t\t\t<div class=\"figc-inner\">\n\t\t\t\t\t\t\t\t\t\t\t\t\t\t\t<\/div>\n\t\t<\/div>\n\n\t<\/div>\n\n<\/div><div class=\"modula-item effect-pufrobo\" data-width=\"2\" data-height=\"2\" >\n\t<div class=\"modula-item-overlay\"><\/div>\n\n\t<div class=\"modula-item-content\">\n\n\t\t\t\t\n\t\t\t\t\t<a data-image-id=\"402\" tabindex=\"0\" rel=\"jtg-397\" data-caption=\"\" aria-label=\"Otw\u00f3rz obrazek w Wy\u015bwietlarce\" role=\"button\" class=\"tile-inner modula-item-link\"><\/a>\n\t\t\n\t\t<img class=\"pic wp-image-402 lazyload\"  data-valign=\"middle\" data-halign=\"center\" alt=\"\" data-full=\"https:\/\/torunzkwp.pl\/wp-content\/uploads\/2025\/05\/494841014_730183396331801_6285482667271549485_n.jpg\" title=\"494841014_730183396331801_6285482667271549485_n\" width=\"300\" height=\"300\" data-src=\"https:\/\/torunzkwp.pl\/wp-content\/uploads\/2025\/05\/494841014_730183396331801_6285482667271549485_n.jpg\" data-caption=\"\" data-source=\"modula\"\/>\n\t\t<div class=\"figc no-description\">\n\t\t\t<div class=\"figc-inner\">\n\t\t\t\t\t\t\t\t\t\t\t\t\t\t\t<\/div>\n\t\t<\/div>\n\n\t<\/div>\n\n<\/div><div class=\"modula-item effect-pufrobo\" data-width=\"2\" data-height=\"2\" >\n\t<div class=\"modula-item-overlay\"><\/div>\n\n\t<div class=\"modula-item-content\">\n\n\t\t\t\t\n\t\t\t\t\t<a data-image-id=\"401\" tabindex=\"0\" rel=\"jtg-397\" data-caption=\"\" aria-label=\"Otw\u00f3rz obrazek w Wy\u015bwietlarce\" role=\"button\" class=\"tile-inner modula-item-link\"><\/a>\n\t\t\n\t\t<img class=\"pic wp-image-401 lazyload\"  data-valign=\"middle\" data-halign=\"center\" alt=\"\" data-full=\"https:\/\/torunzkwp.pl\/wp-content\/uploads\/2025\/05\/494661186_730185529664921_7180817194738488492_n.jpg\" title=\"494661186_730185529664921_7180817194738488492_n\" width=\"300\" height=\"300\" data-src=\"https:\/\/torunzkwp.pl\/wp-content\/uploads\/2025\/05\/494661186_730185529664921_7180817194738488492_n.jpg\" data-caption=\"\" data-source=\"modula\"\/>\n\t\t<div class=\"figc no-description\">\n\t\t\t<div class=\"figc-inner\">\n\t\t\t\t\t\t\t\t\t\t\t\t\t\t\t<\/div>\n\t\t<\/div>\n\n\t<\/div>\n\n<\/div><div class=\"modula-item effect-pufrobo\" data-width=\"2\" data-height=\"2\" >\n\t<div class=\"modula-item-overlay\"><\/div>\n\n\t<div class=\"modula-item-content\">\n\n\t\t\t\t\n\t\t\t\t\t<a data-image-id=\"400\" tabindex=\"0\" rel=\"jtg-397\" data-caption=\"\" aria-label=\"Otw\u00f3rz obrazek w Wy\u015bwietlarce\" role=\"button\" class=\"tile-inner modula-item-link\"><\/a>\n\t\t\n\t\t<img class=\"pic wp-image-400 lazyload\"  data-valign=\"middle\" data-halign=\"center\" alt=\"\" data-full=\"https:\/\/torunzkwp.pl\/wp-content\/uploads\/2025\/05\/494529423_730185609664913_7000512799775025706_n.jpg\" title=\"494529423_730185609664913_7000512799775025706_n\" width=\"300\" height=\"300\" data-src=\"https:\/\/torunzkwp.pl\/wp-content\/uploads\/2025\/05\/494529423_730185609664913_7000512799775025706_n.jpg\" data-caption=\"\" data-source=\"modula\"\/>\n\t\t<div class=\"figc no-description\">\n\t\t\t<div class=\"figc-inner\">\n\t\t\t\t\t\t\t\t\t\t\t\t\t\t\t<\/div>\n\t\t<\/div>\n\n\t<\/div>\n\n<\/div><div class=\"modula-item effect-pufrobo\" data-width=\"2\" data-height=\"2\" >\n\t<div class=\"modula-item-overlay\"><\/div>\n\n\t<div class=\"modula-item-content\">\n\n\t\t\t\t\n\t\t\t\t\t<a data-image-id=\"399\" tabindex=\"0\" rel=\"jtg-397\" data-caption=\"\" aria-label=\"Otw\u00f3rz obrazek w Wy\u015bwietlarce\" role=\"button\" class=\"tile-inner modula-item-link\"><\/a>\n\t\t\n\t\t<img class=\"pic wp-image-399 lazyload\"  data-valign=\"middle\" data-halign=\"center\" alt=\"\" data-full=\"https:\/\/torunzkwp.pl\/wp-content\/uploads\/2025\/05\/494355188_730185502998257_8697659614645588266_n.jpg\" title=\"494355188_730185502998257_8697659614645588266_n\" width=\"300\" height=\"300\" data-src=\"https:\/\/torunzkwp.pl\/wp-content\/uploads\/2025\/05\/494355188_730185502998257_8697659614645588266_n.jpg\" data-caption=\"\" data-source=\"modula\"\/>\n\t\t<div class=\"figc no-description\">\n\t\t\t<div class=\"figc-inner\">\n\t\t\t\t\t\t\t\t\t\t\t\t\t\t\t<\/div>\n\t\t<\/div>\n\n\t<\/div>\n\n<\/div><div class=\"modula-item effect-pufrobo\" data-width=\"2\" data-height=\"2\" >\n\t<div class=\"modula-item-overlay\"><\/div>\n\n\t<div class=\"modula-item-content\">\n\n\t\t\t\t\n\t\t\t\t\t<a data-image-id=\"398\" tabindex=\"0\" rel=\"jtg-397\" data-caption=\"\" aria-label=\"Otw\u00f3rz obrazek w Wy\u015bwietlarce\" role=\"button\" class=\"tile-inner modula-item-link\"><\/a>\n\t\t\n\t\t<img class=\"pic wp-image-398 lazyload\"  data-valign=\"middle\" data-halign=\"center\" alt=\"\" data-full=\"https:\/\/torunzkwp.pl\/wp-content\/uploads\/2025\/05\/494288006_730185476331593_7852546378122582753_n.jpg\" title=\"494288006_730185476331593_7852546378122582753_n\" width=\"300\" height=\"225\" data-src=\"https:\/\/torunzkwp.pl\/wp-content\/uploads\/2025\/05\/494288006_730185476331593_7852546378122582753_n.jpg\" data-caption=\"\" data-source=\"modula\"\/>\n\t\t<div class=\"figc no-description\">\n\t\t\t<div class=\"figc-inner\">\n\t\t\t\t\t\t\t\t\t\t\t\t\t\t\t<\/div>\n\t\t<\/div>\n\n\t<\/div>\n\n<\/div>\t\t\n\t<\/div>\n\n\t\n\t\n\t<script type=\"application\/ld+json\">\n\t{\n\t\t\"@context\": \"http:\/\/schema.org\",\n\t\t\"@type\"   : \"ImageGallery\",\n\t\t\"id\"      : \"https:\/\/torunzkwp.pl\/?page_id=348\/\",\n\t\t\"url\"     : \"https:\/\/torunzkwp.pl\/?page_id=348\/\"\n\t}\n\n\t<\/script>\n\n\t\n<\/div>\n\n\n\n<p class=\"has-text-align-center\"><strong><mark style=\"background-color:rgba(0, 0, 0, 0)\" class=\"has-inline-color has-vivid-red-color\">Warsztaty dla tropowc\u00f3w za nami.<\/mark><\/strong><\/p>\n\n\n\n<p>26.04.2025 Komisja Kynologiczna przy Zarz\u0105dzie Okr\u0119gowym PZ\u0141 w Toruniu we wsp\u00f3\u0142pracy z Sekcj\u0105 Ps\u00f3w My\u015bliwskich ZKwP w Toruniu zorganizowa\u0142a i przeprowadzi\u0142a warsztaty dla przysz\u0142ych tropowc\u00f3w i ich przewodnik\u00f3w.W szkoleniu wzi\u0119\u0142o udzia\u0142 14 ps\u00f3w, by\u0142y jamniki, ogary polskie, posokowiec bawarski, labradory, flat coated retrievery, foksterier i p\u0142ochacz niemiecki.<\/p>\n\n\n\n<p>Dzi\u0119kujemy za zaanga\u017cowanie i prac\u0119 wszystkim kole\u017cankom i kolegom, a uczestnikom&nbsp;\u017cyczymy zerwania otoku na konkursach i w \u0142owisku.<\/p>\n\n\n\n<p>Darzb\u00f3r!<\/p>\n\n\n\n<hr class=\"wp-block-separator has-text-color has-vivid-red-color has-alpha-channel-opacity has-vivid-red-background-color has-background is-style-dots\"\/>\n","protected":false},"excerpt":{"rendered":"<p>Przewodnicz\u0105ca &#8211; Magdalena Anna Koz\u0142owska &#8211; s\u0119dzia pracyZ-ca Przewodnicz\u0105cej &#8211; Agnieszka SzymczakSekretarz &#8211; Alicja Nowacka Cz\u0142onkowie:Janina Arczykowska &#8211; asystentKrzysztof Majbrodzki &#8211; s\u0119dzia pracySylwester Tu\u0142odziecki &#8211; s\u0119dzia pracyMicha\u0142 Klafczy\u0144ski &#8211; s\u0119dzia pracyPiotr Borkowski &#8211; asystentPiotr BaranB\u0142a\u017cej NowackiArtur Niemiec\u0141ukasz Kasi\u0144skiPaulina Korpal Terminarz planowanych imprez 20-09-2025 Konkurs Pracy Retriever\u00f3w kl.A i B &#8211; OHZ Grodno11-09-2025 Testy dla Wy\u017c\u0142\u00f3w [&hellip;]<\/p>\n","protected":false},"author":1,"featured_media":0,"parent":0,"menu_order":0,"comment_status":"closed","ping_status":"closed","template":"","meta":{"footnotes":""},"class_list":["post-348","page","type-page","status-publish","hentry"],"_links":{"self":[{"href":"https:\/\/torunzkwp.pl\/index.php?rest_route=\/wp\/v2\/pages\/348","targetHints":{"allow":["GET"]}}],"collection":[{"href":"https:\/\/torunzkwp.pl\/index.php?rest_route=\/wp\/v2\/pages"}],"about":[{"href":"https:\/\/torunzkwp.pl\/index.php?rest_route=\/wp\/v2\/types\/page"}],"author":[{"embeddable":true,"href":"https:\/\/torunzkwp.pl\/index.php?rest_route=\/wp\/v2\/users\/1"}],"replies":[{"embeddable":true,"href":"https:\/\/torunzkwp.pl\/index.php?rest_route=%2Fwp%2Fv2%2Fcomments&post=348"}],"version-history":[{"count":6,"href":"https:\/\/torunzkwp.pl\/index.php?rest_route=\/wp\/v2\/pages\/348\/revisions"}],"predecessor-version":[{"id":442,"href":"https:\/\/torunzkwp.pl\/index.php?rest_route=\/wp\/v2\/pages\/348\/revisions\/442"}],"wp:attachment":[{"href":"https:\/\/torunzkwp.pl\/index.php?rest_route=%2Fwp%2Fv2%2Fmedia&parent=348"}],"curies":[{"name":"wp","href":"https:\/\/api.w.org\/{rel}","templated":true}]}}