{"id":345,"date":"2025-04-30T11:26:26","date_gmt":"2025-04-30T09:26:26","guid":{"rendered":"https:\/\/torunzkwp.pl\/?page_id=345"},"modified":"2025-07-14T12:17:24","modified_gmt":"2025-07-14T10:17:24","slug":"sekcja-handlingu","status":"publish","type":"page","link":"https:\/\/torunzkwp.pl\/?page_id=345","title":{"rendered":"Sekcja Handlingu"},"content":{"rendered":"\n<p class=\"has-text-align-center\"><mark style=\"background-color:rgba(0, 0, 0, 0)\" class=\"has-inline-color has-vivid-red-color\"><strong>kier. Marek Szrejter<\/strong><br>tel. 504326113<\/mark><\/p>\n\n\n<style>#jtg-417 .modula-item .jtg-social a, .lightbox-socials.jtg-social a{ fill: #ffffff; color: #ffffff }#jtg-417 .modula-item .jtg-social-mobile a{ fill: #ffffff; color: #ffffff }#jtg-417 .modula-item .jtg-social svg, .lightbox-socials.jtg-social svg { height: 16px; width: 16px }#jtg-417 .modula-item .jtg-social-mobile svg { height: 16px; width: 16px }#jtg-417 .modula-item .jtg-social a:not(:last-child), .lightbox-socials.jtg-social a:not(:last-child) { margin-right: 10px }#jtg-417 .modula-item .jtg-social-mobile .jtg-social-mobile-icons a:not(:last-child){ margin-right: 10px }#jtg-417 .modula-item .figc {color:#ffffff;}#jtg-417 .modula-item .figc .jtg-title {  font-size: 24px; }#jtg-417 .modula-item .modula-item-content { transform: scale(1) }#jtg-417 .modula-items .figc p.description { font-size:16px; }#jtg-417 .modula-items .figc p.description { color:#ffffff;}#jtg-417 .modula-items .figc .jtg-title { color:#ffffff; }#jtg-417.modula-gallery .modula-item > a, #jtg-417.modula-gallery .modula-item, #jtg-417.modula-gallery .modula-item-content > a:not(.modula-no-follow) { cursor:zoom-in; } #jtg-417.modula-gallery .modula-item-content .modula-no-follow { cursor: default; } @media screen and (max-width:480px){#jtg-417 .modula-item .figc .jtg-title {  font-size: 12px; }#jtg-417 .modula-items .figc p.description { color:#ffffff;font-size:10px; }}<\/style>\n<div  id=\"jtg-417\" class=\"modula modula-gallery modula-custom-grid\" data-config=\"{&quot;height&quot;:800,&quot;tabletHeight&quot;:800,&quot;mobileHeight&quot;:800,&quot;desktopHeight&quot;:800,&quot;enableTwitter&quot;:false,&quot;enableWhatsapp&quot;:false,&quot;enableFacebook&quot;:false,&quot;enablePinterest&quot;:false,&quot;enableLinkedin&quot;:false,&quot;enableEmail&quot;:false,&quot;randomFactor&quot;:0.5,&quot;type&quot;:&quot;custom-grid&quot;,&quot;columns&quot;:12,&quot;gutter&quot;:10,&quot;mobileGutter&quot;:10,&quot;tabletGutter&quot;:10,&quot;desktopGutter&quot;:10,&quot;enableResponsive&quot;:&quot;0&quot;,&quot;tabletColumns&quot;:2,&quot;mobileColumns&quot;:1,&quot;lazyLoad&quot;:true,&quot;lightboxOpts&quot;:{&quot;animated&quot;:true,&quot;Thumbs&quot;:{&quot;type&quot;:&quot;modern&quot;,&quot;showOnStart&quot;:false},&quot;Toolbar&quot;:{&quot;display&quot;:{&quot;right&quot;:[&quot;close&quot;]},&quot;enabled&quot;:true},&quot;Carousel&quot;:{&quot;Panzoom&quot;:{&quot;touch&quot;:false},&quot;infinite&quot;:false},&quot;keyboard&quot;:{&quot;Escape&quot;:&quot;close&quot;,&quot;Delete&quot;:&quot;close&quot;,&quot;Backspace&quot;:&quot;close&quot;,&quot;PageUp&quot;:false,&quot;PageDown&quot;:false,&quot;ArrowUp&quot;:false,&quot;ArrowDown&quot;:false,&quot;ArrowRight&quot;:false,&quot;ArrowLeft&quot;:false},&quot;touch&quot;:false,&quot;backdropClick&quot;:false,&quot;l10n&quot;:{&quot;CLOSE&quot;:&quot;Zamknij&quot;,&quot;NEXT&quot;:&quot;Nast\\u0119pny&quot;,&quot;PREV&quot;:&quot;Poprzedni&quot;,&quot;Error&quot;:&quot;Nie mo\\u017cna za\\u0142adowa\\u0107 \\u017c\\u0105danej tre\\u015bci. Spr\\u00f3buj ponownie p\\u00f3\\u017aniej.&quot;,&quot;PLAY_START&quot;:&quot;Rozpocznij pokaz slajd\\u00f3w&quot;,&quot;PLAY_STOP&quot;:&quot;Zatrzymaj pokaz slajd\\u00f3w&quot;,&quot;FULL_SCREEN&quot;:&quot;Pe\\u0142ny ekran&quot;,&quot;THUMBS&quot;:&quot;Miniatury&quot;,&quot;DOWNLOAD&quot;:&quot;Pobieranie&quot;,&quot;SHARE&quot;:&quot;Udost\\u0119pnij&quot;,&quot;ZOOM&quot;:&quot;Powi\\u0119kszenie&quot;,&quot;EMAIL&quot;:&quot;Here is the link to the image : %%image_link%% and this is the link to the gallery : %%gallery_link%%&quot;,&quot;MODAL&quot;:&quot;Mo\\u017cesz zamkn\\u0105\\u0107 t\\u0119 zawarto\\u015b\\u0107 okna modalnego za pomoc\\u0105 klawisza ESC&quot;,&quot;ERROR&quot;:&quot;Co\\u015b posz\\u0142o nie tak. Prosz\\u0119 spr\\u00f3bowa\\u0107 p\\u00f3\\u017aniej.&quot;,&quot;IMAGE_ERROR&quot;:&quot;Nie znaleziono obrazka&quot;,&quot;ELEMENT_NOT_FOUND&quot;:&quot;Nie znaleziono elementu HTML&quot;,&quot;AJAX_NOT_FOUND&quot;:&quot;B\\u0142\\u0105d \\u0142adowania AJAX: Nie znaleziono&quot;,&quot;AJAX_FORBIDDEN&quot;:&quot;B\\u0142\\u0105d \\u0142adowania AJAX: Zabronione&quot;,&quot;IFRAME_ERROR&quot;:&quot;B\\u0142\\u0105d \\u0142adowania strony&quot;,&quot;TOGGLE_ZOOM&quot;:&quot;Prze\\u0142\\u0105cz poziom powi\\u0119kszenia&quot;,&quot;TOGGLE_THUMBS&quot;:&quot;Prze\\u0142\\u0105cz miniaturki&quot;,&quot;TOGGLE_SLIDESHOW&quot;:&quot;Prze\\u0142\\u0105cz pokaz slajd\\u00f3w&quot;,&quot;TOGGLE_FULLSCREEN&quot;:&quot;Prze\\u0142\\u0105cz tryb pe\\u0142noekranowy&quot;},&quot;Images&quot;:{&quot;Panzoom&quot;:{&quot;maxScale&quot;:2}},&quot;mainClass&quot;:&quot;modula-fancybox-container modula-lightbox-jtg-417&quot;,&quot;Html&quot;:{&quot;videoAutoplay&quot;:0,&quot;videoTpl&quot;:&quot;&lt;video class=\\&quot;fancybox__html5video\\&quot; controls muted playsinline controlsList controlsList=\\&quot;nodownload\\&quot; poster=\\&quot;{{poster}}\\&quot; src=\\&quot;{{src}}\\&quot; type=\\&quot;{{format}}\\&quot; &gt;  Sorry, your browser doesn&#039;t support embedded videos, &lt;a href=\\&quot;{{src}}\\&quot;&gt; download &lt;\\\/a&gt; and watch with your favorite video player! &lt;\\\/video&gt;&quot;}},&quot;inView&quot;:false,&quot;email_subject&quot;:&quot;Sprawd\\u017a ten niesamowity obrazek!&quot;,&quot;email_message&quot;:&quot;Oto odno\\u015bnik do obrazku: %%image_link%%, a to odno\\u015bnik do galerii: %%gallery_link%%&quot;,&quot;lightbox&quot;:&quot;fancybox&quot;}\">\n\n\t\n\t<div  class=\"modula-items\">\n\t\t<div class=\"modula-item effect-pufrobo\" data-width=\"2\" data-height=\"2\" >\n\t<div class=\"modula-item-overlay\"><\/div>\n\n\t<div class=\"modula-item-content\">\n\n\t\t\t\t\n\t\t\t\t\t<a data-image-id=\"418\" tabindex=\"0\" rel=\"jtg-417\" data-caption=\"\" aria-label=\"Otw\u00f3rz obrazek w Wy\u015bwietlarce\" role=\"button\" class=\"tile-inner modula-item-link\"><\/a>\n\t\t\n\t\t<img class=\"pic wp-image-418 lazyload\"  data-valign=\"middle\" data-halign=\"center\" alt=\"\" data-full=\"https:\/\/torunzkwp.pl\/wp-content\/uploads\/2025\/06\/499915910_745886888094785_1409262803419905263_n.jpg\" title=\"499915910_745886888094785_1409262803419905263_n\" width=\"225\" height=\"300\" data-src=\"https:\/\/torunzkwp.pl\/wp-content\/uploads\/2025\/06\/499915910_745886888094785_1409262803419905263_n.jpg\" data-caption=\"\" data-source=\"modula\"\/>\n\t\t<div class=\"figc no-description\">\n\t\t\t<div class=\"figc-inner\">\n\t\t\t\t\t\t\t\t\t\t\t\t\t\t\t<\/div>\n\t\t<\/div>\n\n\t<\/div>\n\n<\/div><div class=\"modula-item effect-pufrobo\" data-width=\"2\" data-height=\"2\" >\n\t<div class=\"modula-item-overlay\"><\/div>\n\n\t<div class=\"modula-item-content\">\n\n\t\t\t\t\n\t\t\t\t\t<a data-image-id=\"419\" tabindex=\"0\" rel=\"jtg-417\" data-caption=\"\" aria-label=\"Otw\u00f3rz obrazek w Wy\u015bwietlarce\" role=\"button\" class=\"tile-inner modula-item-link\"><\/a>\n\t\t\n\t\t<img class=\"pic wp-image-419 lazyload\"  data-valign=\"middle\" data-halign=\"center\" alt=\"\" data-full=\"https:\/\/torunzkwp.pl\/wp-content\/uploads\/2025\/06\/499934323_745885301428277_5460497662822240350_n.jpg\" title=\"499934323_745885301428277_5460497662822240350_n\" width=\"300\" height=\"225\" data-src=\"https:\/\/torunzkwp.pl\/wp-content\/uploads\/2025\/06\/499934323_745885301428277_5460497662822240350_n.jpg\" data-caption=\"\" data-source=\"modula\"\/>\n\t\t<div class=\"figc no-description\">\n\t\t\t<div class=\"figc-inner\">\n\t\t\t\t\t\t\t\t\t\t\t\t\t\t\t<\/div>\n\t\t<\/div>\n\n\t<\/div>\n\n<\/div><div class=\"modula-item effect-pufrobo\" data-width=\"2\" data-height=\"2\" >\n\t<div class=\"modula-item-overlay\"><\/div>\n\n\t<div class=\"modula-item-content\">\n\n\t\t\t\t\n\t\t\t\t\t<a data-image-id=\"420\" tabindex=\"0\" rel=\"jtg-417\" data-caption=\"\" aria-label=\"Otw\u00f3rz obrazek w Wy\u015bwietlarce\" role=\"button\" class=\"tile-inner modula-item-link\"><\/a>\n\t\t\n\t\t<img class=\"pic wp-image-420 lazyload\"  data-valign=\"middle\" data-halign=\"center\" alt=\"\" data-full=\"https:\/\/torunzkwp.pl\/wp-content\/uploads\/2025\/06\/500196367_745888461427961_3159037121581666734_n.jpg\" title=\"500196367_745888461427961_3159037121581666734_n\" width=\"225\" height=\"300\" data-src=\"https:\/\/torunzkwp.pl\/wp-content\/uploads\/2025\/06\/500196367_745888461427961_3159037121581666734_n.jpg\" data-caption=\"\" data-source=\"modula\"\/>\n\t\t<div class=\"figc no-description\">\n\t\t\t<div class=\"figc-inner\">\n\t\t\t\t\t\t\t\t\t\t\t\t\t\t\t<\/div>\n\t\t<\/div>\n\n\t<\/div>\n\n<\/div><div class=\"modula-item effect-pufrobo\" data-width=\"2\" data-height=\"2\" >\n\t<div class=\"modula-item-overlay\"><\/div>\n\n\t<div class=\"modula-item-content\">\n\n\t\t\t\t\n\t\t\t\t\t<a data-image-id=\"421\" tabindex=\"0\" rel=\"jtg-417\" data-caption=\"\" aria-label=\"Otw\u00f3rz obrazek w Wy\u015bwietlarce\" role=\"button\" class=\"tile-inner modula-item-link\"><\/a>\n\t\t\n\t\t<img class=\"pic wp-image-421 lazyload\"  data-valign=\"middle\" data-halign=\"center\" alt=\"\" data-full=\"https:\/\/torunzkwp.pl\/wp-content\/uploads\/2025\/06\/500231878_745888424761298_5838738138868299830_n.jpg\" title=\"500231878_745888424761298_5838738138868299830_n\" width=\"225\" height=\"300\" data-src=\"https:\/\/torunzkwp.pl\/wp-content\/uploads\/2025\/06\/500231878_745888424761298_5838738138868299830_n.jpg\" data-caption=\"\" data-source=\"modula\"\/>\n\t\t<div class=\"figc no-description\">\n\t\t\t<div class=\"figc-inner\">\n\t\t\t\t\t\t\t\t\t\t\t\t\t\t\t<\/div>\n\t\t<\/div>\n\n\t<\/div>\n\n<\/div><div class=\"modula-item effect-pufrobo\" data-width=\"2\" data-height=\"2\" >\n\t<div class=\"modula-item-overlay\"><\/div>\n\n\t<div class=\"modula-item-content\">\n\n\t\t\t\t\n\t\t\t\t\t<a data-image-id=\"422\" tabindex=\"0\" rel=\"jtg-417\" data-caption=\"\" aria-label=\"Otw\u00f3rz obrazek w Wy\u015bwietlarce\" role=\"button\" class=\"tile-inner modula-item-link\"><\/a>\n\t\t\n\t\t<img class=\"pic wp-image-422 lazyload\"  data-valign=\"middle\" data-halign=\"center\" alt=\"\" data-full=\"https:\/\/torunzkwp.pl\/wp-content\/uploads\/2025\/06\/500481078_745888278094646_310157303444530264_n.jpg\" title=\"500481078_745888278094646_310157303444530264_n\" width=\"225\" height=\"300\" data-src=\"https:\/\/torunzkwp.pl\/wp-content\/uploads\/2025\/06\/500481078_745888278094646_310157303444530264_n.jpg\" data-caption=\"\" data-source=\"modula\"\/>\n\t\t<div class=\"figc no-description\">\n\t\t\t<div class=\"figc-inner\">\n\t\t\t\t\t\t\t\t\t\t\t\t\t\t\t<\/div>\n\t\t<\/div>\n\n\t<\/div>\n\n<\/div><div class=\"modula-item effect-pufrobo\" data-width=\"2\" data-height=\"2\" >\n\t<div class=\"modula-item-overlay\"><\/div>\n\n\t<div class=\"modula-item-content\">\n\n\t\t\t\t\n\t\t\t\t\t<a data-image-id=\"423\" tabindex=\"0\" rel=\"jtg-417\" data-caption=\"\" aria-label=\"Otw\u00f3rz obrazek w Wy\u015bwietlarce\" role=\"button\" class=\"tile-inner modula-item-link\"><\/a>\n\t\t\n\t\t<img class=\"pic wp-image-423 lazyload\"  data-valign=\"middle\" data-halign=\"center\" alt=\"\" data-full=\"https:\/\/torunzkwp.pl\/wp-content\/uploads\/2025\/06\/500823408_745887588094715_7236191240349049388_n.jpg\" title=\"500823408_745887588094715_7236191240349049388_n\" width=\"225\" height=\"300\" data-src=\"https:\/\/torunzkwp.pl\/wp-content\/uploads\/2025\/06\/500823408_745887588094715_7236191240349049388_n.jpg\" data-caption=\"\" data-source=\"modula\"\/>\n\t\t<div class=\"figc no-description\">\n\t\t\t<div class=\"figc-inner\">\n\t\t\t\t\t\t\t\t\t\t\t\t\t\t\t<\/div>\n\t\t<\/div>\n\n\t<\/div>\n\n<\/div>\t\t\n\t<\/div>\n\n\t\n\t\n\t<script type=\"application\/ld+json\">\n\t{\n\t\t\"@context\": \"http:\/\/schema.org\",\n\t\t\"@type\"   : \"ImageGallery\",\n\t\t\"id\"      : \"https:\/\/torunzkwp.pl\/?page_id=345\/\",\n\t\t\"url\"     : \"https:\/\/torunzkwp.pl\/?page_id=345\/\"\n\t}\n\n\t<\/script>\n\n\t\n<\/div>\n\n\n\n<p>24 maja 2025r. mieli\u015bmy okazj\u0119 spotka\u0107 si\u0119 na warsztatach handlingowych po\u0142\u0105czonych z integracyjnym grillem. Spotkanie zorganizowane&nbsp; by\u0142o przez Sekcj\u0119 Handlingu i Behawioru Oddzia\u0142u ZKwP w Toruniu.<\/p>\n\n\n\n<p>By\u0142a to doskona\u0142a okazja, by poszerzy\u0107 swoj\u0105 wiedz\u0119, wymieni\u0107 do\u015bwiadczenia i przede wszystkim \u2013 sp\u0119dzi\u0107 czas w mi\u0142ej, kynologicznej atmosferze <img loading=\"lazy\" decoding=\"async\" width=\"16\" height=\"16\" src=\"https:\/\/zasobygwp.pl\/proxy?sig=93f0155121b651e3d91369b8f790ab892ffe14175e2d40cc108f475a67cf9814&amp;url=aHR0cHM6Ly9zdGF0aWMueHguZmJjZG4ubmV0L2ltYWdlcy9lbW9qaS5waHAvdjkvdDZjLzEvMTYvMjc2NC5wbmc=\" alt=\"\u2764\ufe0f\"><\/p>\n\n\n\n<p>Pod czujnym okiem Kierownika Sekcji Marka Szrejtera,&nbsp; uczestnicy szlifowali swoje umiej\u0119tno\u015bci prezentacji ps\u00f3w na ringu. Nie zabrak\u0142o cennych wskaz\u00f3wek, praktycznych&nbsp;\u0107wicze\u0144 i indywidualnych konsultacji, kt\u00f3re z pewno\u015bci\u0105 zaowocuj\u0105 podczas najbli\u017cszych wystaw.<\/p>\n\n\n\n<p>Po intensywnej cz\u0119\u015bci szkoleniowej przyszed\u0142 czas na chwil\u0119 relaksu przy wsp\u00f3lnym grillu. Rozmowom, \u015bmiechom i opowie\u015bciom nie by\u0142o ko\u0144ca<img loading=\"lazy\" decoding=\"async\" src=\"https:\/\/zasobygwp.pl\/proxy?sig=6bfbbd8805440928e4e9f93ab70f98373684ac22e8902ffe5e9391b7a06f2ff7&amp;url=aHR0cHM6Ly9zdGF0aWMueHguZmJjZG4ubmV0L2ltYWdlcy9lbW9qaS5waHAvdjkvdDUwLzEvMTYvMjc1Ny5wbmc=\" alt=\"\u2757\ufe0f\" width=\"16\" height=\"16\"><\/p>\n\n\n\n<p>Cieszymy si\u0119, \u017ce mo\u017cemy tworzy\u0107 spo\u0142eczno\u015b\u0107, kt\u00f3ra \u0142\u0105czy pasja, wzajemne wsparcie i przyja\u017a\u0144.<\/p>\n\n\n\n<p>Dzi\u0119kujemy wszystkim za obecno\u015b\u0107 i zaanga\u017cowanie \u2013 to dzi\u0119ki Wam atmosfera by\u0142a tak wyj\u0105tkowa<img loading=\"lazy\" decoding=\"async\" src=\"https:\/\/zasobygwp.pl\/proxy?sig=6bfbbd8805440928e4e9f93ab70f98373684ac22e8902ffe5e9391b7a06f2ff7&amp;url=aHR0cHM6Ly9zdGF0aWMueHguZmJjZG4ubmV0L2ltYWdlcy9lbW9qaS5waHAvdjkvdDUwLzEvMTYvMjc1Ny5wbmc=\" alt=\"\u2757\ufe0f\" width=\"16\" height=\"16\">&nbsp;Do zobaczenia na kolejnych spotkaniach<\/p>\n","protected":false},"excerpt":{"rendered":"<p>kier. Marek Szrejtertel. 504326113 24 maja 2025r. mieli\u015bmy okazj\u0119 spotka\u0107 si\u0119 na warsztatach handlingowych po\u0142\u0105czonych z integracyjnym grillem. Spotkanie zorganizowane&nbsp; by\u0142o przez Sekcj\u0119 Handlingu i Behawioru Oddzia\u0142u ZKwP w Toruniu. By\u0142a to doskona\u0142a okazja, by poszerzy\u0107 swoj\u0105 wiedz\u0119, wymieni\u0107 do\u015bwiadczenia i przede wszystkim \u2013 sp\u0119dzi\u0107 czas w mi\u0142ej, kynologicznej atmosferze Pod czujnym okiem Kierownika Sekcji [&hellip;]<\/p>\n","protected":false},"author":1,"featured_media":0,"parent":0,"menu_order":0,"comment_status":"closed","ping_status":"closed","template":"","meta":{"footnotes":""},"class_list":["post-345","page","type-page","status-publish","hentry"],"_links":{"self":[{"href":"https:\/\/torunzkwp.pl\/index.php?rest_route=\/wp\/v2\/pages\/345","targetHints":{"allow":["GET"]}}],"collection":[{"href":"https:\/\/torunzkwp.pl\/index.php?rest_route=\/wp\/v2\/pages"}],"about":[{"href":"https:\/\/torunzkwp.pl\/index.php?rest_route=\/wp\/v2\/types\/page"}],"author":[{"embeddable":true,"href":"https:\/\/torunzkwp.pl\/index.php?rest_route=\/wp\/v2\/users\/1"}],"replies":[{"embeddable":true,"href":"https:\/\/torunzkwp.pl\/index.php?rest_route=%2Fwp%2Fv2%2Fcomments&post=345"}],"version-history":[{"count":4,"href":"https:\/\/torunzkwp.pl\/index.php?rest_route=\/wp\/v2\/pages\/345\/revisions"}],"predecessor-version":[{"id":499,"href":"https:\/\/torunzkwp.pl\/index.php?rest_route=\/wp\/v2\/pages\/345\/revisions\/499"}],"wp:attachment":[{"href":"https:\/\/torunzkwp.pl\/index.php?rest_route=%2Fwp%2Fv2%2Fmedia&parent=345"}],"curies":[{"name":"wp","href":"https:\/\/api.w.org\/{rel}","templated":true}]}}