{"id":316,"date":"2025-04-18T09:32:52","date_gmt":"2025-04-18T07:32:52","guid":{"rendered":"https:\/\/torunzkwp.pl\/?page_id=316"},"modified":"2025-04-18T10:05:14","modified_gmt":"2025-04-18T08:05:14","slug":"hodowle","status":"publish","type":"page","link":"https:\/\/torunzkwp.pl\/?page_id=316","title":{"rendered":"Hodowle"},"content":{"rendered":"\n<p>Wszystkich hodowc\u00f3w zarejestrowanych w naszym Oddziale zapraszamy do zaprezentowania swojej hodowli na naszej stronie www. Niezb\u0119dne informacje nale\u017cy przes\u0142a\u0107 za po\u015brednictwem formularza w sekcji \u201eDla cz\u0142onk\u00f3w Oddzia\u0142u\u201d<\/p>\n\n\n\n<blockquote class=\"wp-block-quote is-layout-flow wp-block-quote-is-layout-flow\">\n<blockquote class=\"wp-block-quote is-layout-flow wp-block-quote-is-layout-flow\">\n<p class=\"has-text-align-center\"><a href=\"https:\/\/torunzkwp.pl\/?page_id=179\" data-type=\"link\" data-id=\"https:\/\/torunzkwp.pl\/?page_id=179\">Formularz dodania informacji o hodowli na stronie www Oddzia\u0142u<\/a><\/p>\n<\/blockquote>\n<\/blockquote>\n\n\n\n<p>Warunkiem umieszczenia og\u0142oszenia na stronie jest podanie pe\u0142nego numeru legitymacji cz\u0142onkowskiej oraz op\u0142acenie bie\u017c\u0105cej sk\u0142adki cz\u0142onkowskiej. W celu aktualizacji danych prosimy o przes\u0142anie informacji na adres biura Oddzia\u0142u.<\/p>\n\n\n\n<p><strong><mark style=\"background-color:rgba(0, 0, 0, 0)\" class=\"has-inline-color has-vivid-red-color\">*<\/mark><\/strong> Wszelkie informacje zawarte na tej stronie zosta\u0142y podane przez w\u0142a\u015bcicieli ps\u00f3w.<\/p>\n\n\n\n<hr class=\"wp-block-separator has-text-color has-vivid-red-color has-alpha-channel-opacity has-vivid-red-background-color has-background is-style-dots\"\/>\n\n\n\n<p>Grupa 1 \u2013 Owczarki i inne psy pasterskie, z wy\u0142\u0105czeniem szwajcarskich ps\u00f3w do byd\u0142a<br>Grupa 2 \u2013 Pinczery i sznaucery, molosy, szwajcarskie psy g\u00f3rskie i do byd\u0142a<br>Grupa 3 \u2013 Teriery<br>Grupa 4 \u2013 Jamniki<br>Grupa 5 \u2013 Szpice i psy w typie pierwotnym<br>Grupa 6 \u2013 Psy go\u0144cze i rasy pokrewne<br>Grupa 7 \u2013 Wy\u017c\u0142y<br>Grupa 8 \u2013 Aportery, p\u0142ochacze i psy dowodne<br>Grupa 9 \u2013 Psy ozdobne i do towarzystwa<br>Grupa 10 \u2013 Charty<br>Rasy wst\u0119pnie uznane przez FCI<\/p>\n","protected":false},"excerpt":{"rendered":"<p>Wszystkich hodowc\u00f3w zarejestrowanych w naszym Oddziale zapraszamy do zaprezentowania swojej hodowli na naszej stronie www. Niezb\u0119dne informacje nale\u017cy przes\u0142a\u0107 za po\u015brednictwem formularza w sekcji \u201eDla cz\u0142onk\u00f3w Oddzia\u0142u\u201d Warunkiem umieszczenia og\u0142oszenia na stronie jest podanie pe\u0142nego numeru legitymacji cz\u0142onkowskiej oraz op\u0142acenie bie\u017c\u0105cej sk\u0142adki cz\u0142onkowskiej. W celu aktualizacji danych prosimy o przes\u0142anie informacji na adres biura Oddzia\u0142u. [&hellip;]<\/p>\n","protected":false},"author":1,"featured_media":0,"parent":0,"menu_order":0,"comment_status":"closed","ping_status":"closed","template":"","meta":{"footnotes":""},"class_list":["post-316","page","type-page","status-publish","hentry"],"_links":{"self":[{"href":"https:\/\/torunzkwp.pl\/index.php?rest_route=\/wp\/v2\/pages\/316","targetHints":{"allow":["GET"]}}],"collection":[{"href":"https:\/\/torunzkwp.pl\/index.php?rest_route=\/wp\/v2\/pages"}],"about":[{"href":"https:\/\/torunzkwp.pl\/index.php?rest_route=\/wp\/v2\/types\/page"}],"author":[{"embeddable":true,"href":"https:\/\/torunzkwp.pl\/index.php?rest_route=\/wp\/v2\/users\/1"}],"replies":[{"embeddable":true,"href":"https:\/\/torunzkwp.pl\/index.php?rest_route=%2Fwp%2Fv2%2Fcomments&post=316"}],"version-history":[{"count":2,"href":"https:\/\/torunzkwp.pl\/index.php?rest_route=\/wp\/v2\/pages\/316\/revisions"}],"predecessor-version":[{"id":332,"href":"https:\/\/torunzkwp.pl\/index.php?rest_route=\/wp\/v2\/pages\/316\/revisions\/332"}],"wp:attachment":[{"href":"https:\/\/torunzkwp.pl\/index.php?rest_route=%2Fwp%2Fv2%2Fmedia&parent=316"}],"curies":[{"name":"wp","href":"https:\/\/api.w.org\/{rel}","templated":true}]}}