{"id":312,"date":"2025-04-18T09:31:44","date_gmt":"2025-04-18T07:31:44","guid":{"rendered":"https:\/\/torunzkwp.pl\/?page_id=312"},"modified":"2025-04-18T09:58:04","modified_gmt":"2025-04-18T07:58:04","slug":"szczenieta","status":"publish","type":"page","link":"https:\/\/torunzkwp.pl\/?page_id=312","title":{"rendered":"Szczeni\u0119ta"},"content":{"rendered":"\n<p>Wszystkich cz\u0142onk\u00f3w zarejestrowanych w naszym Oddziale zapraszamy do zamieszczenia informacji o narodzonym miocie na naszej stronie www. Niezb\u0119dne informacje nale\u017cy przes\u0142a\u0107 za po\u015brednictwem odpowiedniego formularza w sekcji \u201eDla cz\u0142onk\u00f3w Oddzia\u0142u\u201d.<\/p>\n\n\n\n<blockquote class=\"wp-block-quote is-layout-flow wp-block-quote-is-layout-flow\">\n<blockquote class=\"wp-block-quote is-layout-flow wp-block-quote-is-layout-flow\">\n<p class=\"has-text-align-center\"><strong><a href=\"https:\/\/torunzkwp.pl\/?page_id=161\" data-type=\"link\" data-id=\"https:\/\/torunzkwp.pl\/?page_id=161\">Formularz dodania informacji o narodzonym miocie na stronie www Oddzia\u0142u<\/a><\/strong><\/p>\n<\/blockquote>\n<\/blockquote>\n\n\n\n<p>Warunkiem umieszczenia og\u0142oszenia na stronie jest podanie pe\u0142nego numeru legitymacji cz\u0142onkowskiej oraz op\u0142acenie bie\u017c\u0105cej sk\u0142adki cz\u0142onkowskiej. W celu aktualizacji danych prosimy o przes\u0142anie informacji na adres biura Oddzia\u0142u.<\/p>\n\n\n\n<p><strong><mark style=\"background-color:rgba(0, 0, 0, 0)\" class=\"has-inline-color has-vivid-red-color\">*<\/mark><\/strong> Wszelkie informacje zamieszczone na tej stronie zosta\u0142y podane przez w\u0142a\u015bcicieli ps\u00f3w.<\/p>\n\n\n\n<hr class=\"wp-block-separator has-text-color has-vivid-red-color has-alpha-channel-opacity has-vivid-red-background-color has-background is-style-dots\"\/>\n\n\n\n<p>Grupa 1 &#8211; Owczarki i inne psy pasterskie, z wy\u0142\u0105czeniem szwajcarskich ps\u00f3w do byd\u0142a<br>Grupa 2 &#8211; Pinczery i sznaucery, molosy, szwajcarskie psy g\u00f3rskie i do byd\u0142a<br>Grupa 3 &#8211; Teriery<br>Grupa 4 &#8211; Jamniki<br>Grupa 5 &#8211; Szpice i psy w typie pierwotnym<br>Grupa 6 &#8211; Psy go\u0144cze i rasy pokrewne<br>Grupa 7 &#8211; Wy\u017c\u0142y<br>Grupa 8 &#8211; Aportery, p\u0142ochacze i psy dowodne<br>Grupa 9 &#8211; Psy ozdobne i do towarzystwa<br>Grupa 10 &#8211; Charty<br>Rasy wst\u0119pnie uznane przez FCI<\/p>\n","protected":false},"excerpt":{"rendered":"<p>Wszystkich cz\u0142onk\u00f3w zarejestrowanych w naszym Oddziale zapraszamy do zamieszczenia informacji o narodzonym miocie na naszej stronie www. Niezb\u0119dne informacje nale\u017cy przes\u0142a\u0107 za po\u015brednictwem odpowiedniego formularza w sekcji \u201eDla cz\u0142onk\u00f3w Oddzia\u0142u\u201d. Warunkiem umieszczenia og\u0142oszenia na stronie jest podanie pe\u0142nego numeru legitymacji cz\u0142onkowskiej oraz op\u0142acenie bie\u017c\u0105cej sk\u0142adki cz\u0142onkowskiej. W celu aktualizacji danych prosimy o przes\u0142anie informacji na [&hellip;]<\/p>\n","protected":false},"author":1,"featured_media":0,"parent":0,"menu_order":0,"comment_status":"closed","ping_status":"closed","template":"","meta":{"footnotes":""},"class_list":["post-312","page","type-page","status-publish","hentry"],"_links":{"self":[{"href":"https:\/\/torunzkwp.pl\/index.php?rest_route=\/wp\/v2\/pages\/312","targetHints":{"allow":["GET"]}}],"collection":[{"href":"https:\/\/torunzkwp.pl\/index.php?rest_route=\/wp\/v2\/pages"}],"about":[{"href":"https:\/\/torunzkwp.pl\/index.php?rest_route=\/wp\/v2\/types\/page"}],"author":[{"embeddable":true,"href":"https:\/\/torunzkwp.pl\/index.php?rest_route=\/wp\/v2\/users\/1"}],"replies":[{"embeddable":true,"href":"https:\/\/torunzkwp.pl\/index.php?rest_route=%2Fwp%2Fv2%2Fcomments&post=312"}],"version-history":[{"count":3,"href":"https:\/\/torunzkwp.pl\/index.php?rest_route=\/wp\/v2\/pages\/312\/revisions"}],"predecessor-version":[{"id":329,"href":"https:\/\/torunzkwp.pl\/index.php?rest_route=\/wp\/v2\/pages\/312\/revisions\/329"}],"wp:attachment":[{"href":"https:\/\/torunzkwp.pl\/index.php?rest_route=%2Fwp%2Fv2%2Fmedia&parent=312"}],"curies":[{"name":"wp","href":"https:\/\/api.w.org\/{rel}","templated":true}]}}