{"id":282,"date":"2025-04-18T08:34:18","date_gmt":"2025-04-18T06:34:18","guid":{"rendered":"https:\/\/torunzkwp.pl\/?page_id=282"},"modified":"2025-04-18T09:27:58","modified_gmt":"2025-04-18T07:27:58","slug":"dane-teleadresowe","status":"publish","type":"page","link":"https:\/\/torunzkwp.pl\/?page_id=282","title":{"rendered":"Dane teleadresowe"},"content":{"rendered":"\n<p class=\"has-text-align-center\"><strong>Zwi\u0105zek Kynologiczny w Polsce<br>Oddzia\u0142 w Toruniu<\/strong><\/p>\n\n\n\n<p class=\"has-text-align-center\">ul. M. Sk\u0142odowskiej-Curie 84, 87-100 Toru\u0144<\/p>\n\n\n\n<p class=\"has-text-align-center\">Tel.: +48 502 669 799<br>email: <a href=\"mailto:torun@zkwp.pl\">torun@zkwp.pl<\/a><\/p>\n\n\n\n<p class=\"has-text-align-center\">Biuro czynne: czwartki 16:00-20:00<\/p>\n\n\n\n<p class=\"has-text-align-center\"><strong>Przewodnicz\u0105ca Oddzia\u0142u Joanna D\u0105browska<\/strong><br>kontakt w sprawach pilnych &#8211;&nbsp;tel. 571 600 519<\/p>\n\n\n\n<p class=\"has-text-align-center\">Konto bankowe:<br><strong>Bank BG\u017b BNP Paribas S.A<\/strong><br><strong>44 2030 0045 1110 0000 0407 5350<\/strong><\/p>\n\n\n\n<p align=\"center\"><iframe src=\"https:\/\/www.google.com\/maps\/embed?pb=!1m18!1m12!1m3!1d2399.076607373044!2d18.67270392637867!3d53.03696051002539!2m3!1f0!2f0!3f0!3m2!1i1024!2i768!4f13.1!3m3!1m2!1s0x471ccb52ffdbbaff%3A0x2eaac6c9451b0c2!2sMarii%20Sk%C5%82odowskiej-Curie%2084%2C%2087-100%20Toru%C5%84%2C%20Polska!5e0!3m2!1spl!2sch!4v1744644098162!5m2!1spl!2sch\" width=\"650\" height=\"300\" style=\"border:1;\" allowfullscreen=\"\" loading=\"lazy\" referrerpolicy=\"no-referrer-when-downgrade\"><\/iframe><\/p>\n","protected":false},"excerpt":{"rendered":"<p>Zwi\u0105zek Kynologiczny w PolsceOddzia\u0142 w Toruniu ul. M. Sk\u0142odowskiej-Curie 84, 87-100 Toru\u0144 Tel.: +48 502 669 799email: torun@zkwp.pl Biuro czynne: czwartki 16:00-20:00 Przewodnicz\u0105ca Oddzia\u0142u Joanna D\u0105browskakontakt w sprawach pilnych &#8211;&nbsp;tel. 571 600 519 Konto bankowe:Bank BG\u017b BNP Paribas S.A44 2030 0045 1110 0000 0407 5350<\/p>\n","protected":false},"author":1,"featured_media":0,"parent":0,"menu_order":0,"comment_status":"closed","ping_status":"closed","template":"","meta":{"footnotes":""},"class_list":["post-282","page","type-page","status-publish","hentry"],"_links":{"self":[{"href":"https:\/\/torunzkwp.pl\/index.php?rest_route=\/wp\/v2\/pages\/282","targetHints":{"allow":["GET"]}}],"collection":[{"href":"https:\/\/torunzkwp.pl\/index.php?rest_route=\/wp\/v2\/pages"}],"about":[{"href":"https:\/\/torunzkwp.pl\/index.php?rest_route=\/wp\/v2\/types\/page"}],"author":[{"embeddable":true,"href":"https:\/\/torunzkwp.pl\/index.php?rest_route=\/wp\/v2\/users\/1"}],"replies":[{"embeddable":true,"href":"https:\/\/torunzkwp.pl\/index.php?rest_route=%2Fwp%2Fv2%2Fcomments&post=282"}],"version-history":[{"count":9,"href":"https:\/\/torunzkwp.pl\/index.php?rest_route=\/wp\/v2\/pages\/282\/revisions"}],"predecessor-version":[{"id":306,"href":"https:\/\/torunzkwp.pl\/index.php?rest_route=\/wp\/v2\/pages\/282\/revisions\/306"}],"wp:attachment":[{"href":"https:\/\/torunzkwp.pl\/index.php?rest_route=%2Fwp%2Fv2%2Fmedia&parent=282"}],"curies":[{"name":"wp","href":"https:\/\/api.w.org\/{rel}","templated":true}]}}