{"id":201,"date":"2025-04-11T14:51:33","date_gmt":"2025-04-11T12:51:33","guid":{"rendered":"https:\/\/torunzkwp.pl\/?page_id=201"},"modified":"2025-12-21T09:17:35","modified_gmt":"2025-12-21T08:17:35","slug":"oplaty","status":"publish","type":"page","link":"https:\/\/torunzkwp.pl\/?page_id=201","title":{"rendered":"Op\u0142aty statutowe na rzecz ZKwP"},"content":{"rendered":"\n<p class=\"has-text-align-center\"><strong><mark style=\"background-color:rgba(0, 0, 0, 0)\" class=\"has-inline-color has-vivid-red-color\">Op\u0142aty statutowe na rzecz ZKwP (obowi\u0105zuj\u0105ce od 1 stycznia 2026):<\/mark> <\/strong><\/p>\n\n\n\n<figure class=\"wp-block-table is-style-stripes\"><table class=\"has-fixed-layout\"><thead><tr><th class=\"has-text-align-left\" data-align=\"left\"><mark style=\"background-color:rgba(0, 0, 0, 0)\" class=\"has-inline-color has-vivid-red-color\">Us\u0142uga<\/mark><\/th><th class=\"has-text-align-right\" data-align=\"right\"><mark style=\"background-color:rgba(0, 0, 0, 0)\" class=\"has-inline-color has-vivid-red-color\">Op\u0142ata<\/mark><\/th><\/tr><\/thead><tbody><tr><td class=\"has-text-align-left\" data-align=\"left\">Sk\u0142adka cz\u0142onkowska 2026<\/td><td class=\"has-text-align-right\" data-align=\"right\">100z\u0142<\/td><\/tr><tr><td class=\"has-text-align-left\" data-align=\"left\">Wpisowe<\/td><td class=\"has-text-align-right\" data-align=\"right\">100z\u0142<\/td><\/tr><tr><td class=\"has-text-align-left\" data-align=\"left\">Rejestracja psa&nbsp;<\/td><td class=\"has-text-align-right\" data-align=\"right\">60z\u0142<\/td><\/tr><tr><td class=\"has-text-align-left\" data-align=\"left\">Rodow\u00f3d krajowy<\/td><td class=\"has-text-align-right\" data-align=\"right\">100z\u0142<\/td><\/tr><tr><td class=\"has-text-align-left\" data-align=\"left\">Rodow\u00f3d krajowy w trybie ekspresowym<\/td><td class=\"has-text-align-right\" data-align=\"right\">400z\u0142<\/td><\/tr><tr><td class=\"has-text-align-left\" data-align=\"left\">Nostryfikacja<\/td><td class=\"has-text-align-right\" data-align=\"right\">100z\u0142<\/td><\/tr><tr><td class=\"has-text-align-left\" data-align=\"left\">Rodow\u00f3d eksportowy&nbsp;&nbsp;<\/td><td class=\"has-text-align-right\" data-align=\"right\">200z\u0142<\/td><\/tr><tr><td class=\"has-text-align-left\" data-align=\"left\">Rodow\u00f3d eksportowy \u2013 wydanie w trybie ekspresowym<\/td><td class=\"has-text-align-right\" data-align=\"right\">400z\u0142<\/td><\/tr><tr><td class=\"has-text-align-left\" data-align=\"left\">Nostryfikacja rodowodu w trybie ekspresowym<\/td><td class=\"has-text-align-right\" data-align=\"right\">200z\u0142<\/td><\/tr><tr><td class=\"has-text-align-left\" data-align=\"left\">Rejestracja przydomka hodowlanego ZG ZKwP i FCI<\/td><td class=\"has-text-align-right\" data-align=\"right\">250z\u0142<\/td><\/tr><tr><td class=\"has-text-align-left\" data-align=\"left\">Zmiana rejestracji przydomka hodowlanego w ZG ZKwP (np. dopisanie wsp\u00f3\u0142w\u0142a\u015bciciela)<\/td><td class=\"has-text-align-right\" data-align=\"right\">250z\u0142<\/td><\/tr><tr><td class=\"has-text-align-left\" data-align=\"left\">Rejestracja przydomka hodowlanego w FCI<br>(ju\u017c zarejestrowanego w ZG ZKwP)<\/td><td class=\"has-text-align-right\" data-align=\"right\">100z\u0142<\/td><\/tr><tr><td class=\"has-text-align-left\" data-align=\"left\">Metryka<\/td><td class=\"has-text-align-right\" data-align=\"right\">60z\u0142<\/td><\/tr><tr><td class=\"has-text-align-left\" data-align=\"left\">Karta miotu<\/td><td class=\"has-text-align-right\" data-align=\"right\">60z\u0142<\/td><\/tr><tr><td class=\"has-text-align-left\" data-align=\"left\">Karta krycia<\/td><td class=\"has-text-align-right\" data-align=\"right\">60z\u0142<\/td><\/tr><tr><td class=\"has-text-align-left\" data-align=\"left\">Tatua\u017c (za ka\u017cde szczeni\u0119)<\/td><td class=\"has-text-align-right\" data-align=\"right\">10z\u0142<\/td><\/tr><tr><td class=\"has-text-align-left\" data-align=\"left\">Dyplom Championa Polski, M\u0142odzie\u017cy (op\u0142ata na rzecz ZG)<\/td><td class=\"has-text-align-right\" data-align=\"right\">60z\u0142<\/td><\/tr><tr><td class=\"has-text-align-left\" data-align=\"left\">Przegl\u0105d kwalifikacyjny do hodowli<\/td><td class=\"has-text-align-right\" data-align=\"right\">900z\u0142<\/td><\/tr><tr><td class=\"has-text-align-left\" data-align=\"left\">Przegl\u0105d kwalifikacyjny do hodowli (rasy polskie)<\/td><td class=\"has-text-align-right\" data-align=\"right\">450z\u0142<\/td><\/tr><tr><td class=\"has-text-align-left\" data-align=\"left\">Ksi\u0105\u017ceczka startowa psa<\/td><td class=\"has-text-align-right\" data-align=\"right\">50z\u0142<\/td><\/tr><tr><td class=\"has-text-align-left\" data-align=\"left\">Op\u0142ata za zmian\u0119 odmiany rasowej (przekwalifikowanie w rasie)<\/td><td class=\"has-text-align-right\" data-align=\"right\">100z\u0142<\/td><\/tr><tr><td class=\"has-text-align-left\" data-align=\"left\">Przydomek \u2013 aktualizacja danych<\/td><td class=\"has-text-align-right\" data-align=\"right\">50z\u0142<\/td><\/tr><tr><td class=\"has-text-align-left\" data-align=\"left\">Przydomek \u2013 zmiany w przydomku<\/td><td class=\"has-text-align-right\" data-align=\"right\">250z\u0142<\/td><\/tr><\/tbody><\/table><\/figure>\n\n\n\n<hr class=\"wp-block-separator has-text-color has-vivid-red-color has-alpha-channel-opacity has-vivid-red-background-color has-background is-style-dots\"\/>\n\n\n\n<p><mark style=\"background-color:rgba(0, 0, 0, 0)\" class=\"has-inline-color has-black-color\">Szkolenie i Psie Sporty:<\/mark><\/p>\n\n\n\n<figure class=\"wp-block-table is-style-stripes\"><table class=\"has-fixed-layout\"><tbody><tr><td class=\"has-text-align-left\" data-align=\"left\"><strong><mark style=\"background-color:rgba(0, 0, 0, 0)\" class=\"has-inline-color has-vivid-red-color\">Us\u0142uga<\/mark><\/strong><\/td><td class=\"has-text-align-right\" data-align=\"right\"><strong><mark style=\"background-color:rgba(0, 0, 0, 0)\" class=\"has-inline-color has-vivid-red-color\">Op\u0142ata<\/mark><\/strong><\/td><\/tr><tr><td class=\"has-text-align-left\" data-align=\"left\">Przegl\u0105d hodowlany Owczark\u00f3w niemieckich +testy psychiczne<\/td><td class=\"has-text-align-right\" data-align=\"right\">200z\u0142<\/td><\/tr><tr><td class=\"has-text-align-left\" data-align=\"left\">Testy psychiczne<\/td><td class=\"has-text-align-right\" data-align=\"right\">150z\u0142<\/td><\/tr><tr><td class=\"has-text-align-left\" data-align=\"left\">Egzamin (1 cz\u0119\u015bciowy)\u00a0<\/td><td class=\"has-text-align-right\" data-align=\"right\">150z\u0142<\/td><\/tr><tr><td class=\"has-text-align-left\" data-align=\"left\">Egzamin (2 cz\u0119\u015bciowy)\u00a0<\/td><td class=\"has-text-align-right\" data-align=\"right\">200z\u0142<\/td><\/tr><tr><td class=\"has-text-align-left\" data-align=\"left\">Egzamin (3 cz\u0119\u015bciowy) IGP<\/td><td class=\"has-text-align-right\" data-align=\"right\">250z\u0142<\/td><\/tr><\/tbody><\/table><\/figure>\n","protected":false},"excerpt":{"rendered":"<p>Op\u0142aty statutowe na rzecz ZKwP (obowi\u0105zuj\u0105ce od 1 stycznia 2026): Us\u0142uga Op\u0142ata Sk\u0142adka cz\u0142onkowska 2026 100z\u0142 Wpisowe 100z\u0142 Rejestracja psa&nbsp; 60z\u0142 Rodow\u00f3d krajowy 100z\u0142 Rodow\u00f3d krajowy w trybie ekspresowym 400z\u0142 Nostryfikacja 100z\u0142 Rodow\u00f3d eksportowy&nbsp;&nbsp; 200z\u0142 Rodow\u00f3d eksportowy \u2013 wydanie w trybie ekspresowym 400z\u0142 Nostryfikacja rodowodu w trybie ekspresowym 200z\u0142 Rejestracja przydomka hodowlanego ZG ZKwP i [&hellip;]<\/p>\n","protected":false},"author":1,"featured_media":0,"parent":0,"menu_order":0,"comment_status":"closed","ping_status":"closed","template":"","meta":{"footnotes":""},"class_list":["post-201","page","type-page","status-publish","hentry"],"_links":{"self":[{"href":"https:\/\/torunzkwp.pl\/index.php?rest_route=\/wp\/v2\/pages\/201","targetHints":{"allow":["GET"]}}],"collection":[{"href":"https:\/\/torunzkwp.pl\/index.php?rest_route=\/wp\/v2\/pages"}],"about":[{"href":"https:\/\/torunzkwp.pl\/index.php?rest_route=\/wp\/v2\/types\/page"}],"author":[{"embeddable":true,"href":"https:\/\/torunzkwp.pl\/index.php?rest_route=\/wp\/v2\/users\/1"}],"replies":[{"embeddable":true,"href":"https:\/\/torunzkwp.pl\/index.php?rest_route=%2Fwp%2Fv2%2Fcomments&post=201"}],"version-history":[{"count":11,"href":"https:\/\/torunzkwp.pl\/index.php?rest_route=\/wp\/v2\/pages\/201\/revisions"}],"predecessor-version":[{"id":649,"href":"https:\/\/torunzkwp.pl\/index.php?rest_route=\/wp\/v2\/pages\/201\/revisions\/649"}],"wp:attachment":[{"href":"https:\/\/torunzkwp.pl\/index.php?rest_route=%2Fwp%2Fv2%2Fmedia&parent=201"}],"curies":[{"name":"wp","href":"https:\/\/api.w.org\/{rel}","templated":true}]}}