{"id":174,"date":"2025-04-10T11:09:38","date_gmt":"2025-04-10T09:09:38","guid":{"rendered":"https:\/\/torunzkwp.pl\/?page_id=174"},"modified":"2025-04-18T10:07:23","modified_gmt":"2025-04-18T08:07:23","slug":"zgloszenie-reproduktora","status":"publish","type":"page","link":"https:\/\/torunzkwp.pl\/?page_id=174","title":{"rendered":"Zg\u0142oszenie reproduktora"},"content":{"rendered":"\n<p>Formularz zg\u0142oszenia reproduktora w celu zamieszczenia na stronie www Oddzia\u0142u (wy\u0142\u0105cznie dla cz\u0142onk\u00f3w ZKwP Oddzia\u0142 Toru\u0144). Przypominamy, \u017ce warunkiem korzystania ze \u015bwiadcze\u0144 Zwi\u0105zku jest op\u0142acenie sk\u0142adki za rok bie\u017c\u0105cy.<\/p>\n\n\n\n<p>Pola oznaczone\u00a0<strong><mark style=\"background-color:rgba(0, 0, 0, 0)\" class=\"has-inline-color has-vivid-red-color\">*<\/mark><\/strong>\u00a0s\u0105 wymagane do przes\u0142ania formularza.<\/p>\n\n\n<div class=\"forminator-ui forminator-custom-form forminator-custom-form-173 forminator-design--default  forminator_ajax\" data-forminator-render=\"0\" data-form=\"forminator-module-173\" data-uid=\"69ebd1c1cc6cc\"><br\/><\/div><form\n\t\t\t\tid=\"forminator-module-173\"\n\t\t\t\tclass=\"forminator-ui forminator-custom-form forminator-custom-form-173 forminator-design--default  forminator_ajax\"\n\t\t\t\tmethod=\"post\"\n\t\t\t\tdata-forminator-render=\"0\"\n\t\t\t\tdata-form-id=\"173\"\n\t\t\t\t\n\t\t\t\tdata-design=\"default\"\n\t\t\t\t\n\t\t\t\t\n\t\t\t\t\n\t\t\t\tdata-grid=\"open\"\n\t\t\t\tenctype=\"multipart\/form-data\"\n\t\t\t\t\n\t\t\t\tstyle=\"display: none;\"\n\t\t\t\t\n\t\t\t\tdata-uid=\"69ebd1c1cc6cc\"\n\t\t\t><div role=\"alert\" aria-live=\"polite\" class=\"forminator-response-message forminator-error\" aria-hidden=\"true\"><\/div><div class=\"forminator-row\"><div id=\"select-1\" class=\"forminator-field-select forminator-col forminator-col-12 \"><div class=\"forminator-field\"><label for=\"forminator-form-173__field--select-1_69ebd1c1cc6cc\" id=\"forminator-form-173__field--select-1_69ebd1c1cc6cc-label\" class=\"forminator-label\">Wybierz odpowiedni\u0105 grup\u0119 zgodn\u0105 z nomenklatur\u0105 ZKwP \/ FCI <span class=\"forminator-required\">*<\/span><\/label><select  id=\"forminator-form-173__field--select-1_69ebd1c1cc6cc\" class=\"forminator-select--field forminator-select2 forminator-select2-multiple\" data-required=\"1\" name=\"select-1\" data-default-value=\"\" data-placeholder=\"Please select an option\" data-search=\"false\" data-search-placeholder=\"Please select an option\" data-checkbox=\"false\" data-allow-clear=\"false\" aria-labelledby=\"forminator-form-173__field--select-1_69ebd1c1cc6cc-label\"><option value=\"\"  >Please select an option<\/option><option value=\"wska-grup-fci\"  data-calculation=\"0\">Wska\u017c grup\u0119 FCI<\/option><option value=\"gr-1-fci\"  data-calculation=\"0\">Gr. 1 FCI<\/option><option value=\"gr-2-fci\"  data-calculation=\"0\">Gr. 2 FCI<\/option><option value=\"gr-3-fci\"  data-calculation=\"0\">Gr. 3 FCI<\/option><option value=\"gr-4-fci\"  data-calculation=\"0\">Gr. 4 FCI<\/option><option value=\"gr-5-fci\"  data-calculation=\"0\">Gr. 5 FCI<\/option><option value=\"gr-6-fci\"  data-calculation=\"0\">Gr. 6 FCI<\/option><option value=\"gr-7-fci\"  data-calculation=\"0\">Gr. 7 FCI<\/option><option value=\"gr-8-fci\"  data-calculation=\"0\">Gr. 8 FCI<\/option><option value=\"gr-9-fci\"  data-calculation=\"0\">Gr. 9 FCI<\/option><option value=\"gr-10-fci\"  data-calculation=\"0\">Gr. 10 FCI<\/option><\/select><\/div><\/div><\/div><div class=\"forminator-row\"><div id=\"name-1\" class=\"forminator-field-name forminator-col forminator-col-6 \"><div class=\"forminator-field\"><label for=\"forminator-field-name-1_69ebd1c1cc6cc\" id=\"forminator-field-name-1_69ebd1c1cc6cc-label\" class=\"forminator-label\">Imi\u0119 i nazwisko w\u0142a\u015bciciela reproduktora <span class=\"forminator-required\">*<\/span><\/label><input type=\"text\" name=\"name-1\" value=\"\" placeholder=\"\" id=\"forminator-field-name-1_69ebd1c1cc6cc\" class=\"forminator-input forminator-name--field\" aria-required=\"true\" \/><\/div><\/div><div id=\"name-2\" class=\"forminator-field-name forminator-col forminator-col-6 \"><div class=\"forminator-field\"><label for=\"forminator-field-name-2_69ebd1c1cc6cc\" id=\"forminator-field-name-2_69ebd1c1cc6cc-label\" class=\"forminator-label\">Numer legitymacji ZKwP <span class=\"forminator-required\">*<\/span><\/label><input type=\"text\" name=\"name-2\" value=\"\" placeholder=\"\" id=\"forminator-field-name-2_69ebd1c1cc6cc\" class=\"forminator-input forminator-name--field\" aria-required=\"true\" \/><\/div><\/div><\/div><div class=\"forminator-row\"><div id=\"name-8\" class=\"forminator-field-name forminator-col forminator-col-6 \"><div class=\"forminator-field\"><label for=\"forminator-field-name-8_69ebd1c1cc6cc\" id=\"forminator-field-name-8_69ebd1c1cc6cc-label\" class=\"forminator-label\">Rasa <span class=\"forminator-required\">*<\/span><\/label><input type=\"text\" name=\"name-8\" value=\"\" placeholder=\"\" id=\"forminator-field-name-8_69ebd1c1cc6cc\" class=\"forminator-input forminator-name--field\" aria-required=\"true\" \/><\/div><\/div><div id=\"name-3\" class=\"forminator-field-name forminator-col forminator-col-6 \"><div class=\"forminator-field\"><label for=\"forminator-field-name-3_69ebd1c1cc6cc\" id=\"forminator-field-name-3_69ebd1c1cc6cc-label\" class=\"forminator-label\">Imi\u0119 reproduktora <span class=\"forminator-required\">*<\/span><\/label><input type=\"text\" name=\"name-3\" value=\"\" placeholder=\"\" id=\"forminator-field-name-3_69ebd1c1cc6cc\" class=\"forminator-input forminator-name--field\" aria-required=\"true\" \/><\/div><\/div><\/div><div class=\"forminator-row\"><div id=\"phone-1\" class=\"forminator-field-phone forminator-col forminator-col-4 \"><div class=\"forminator-field\"><label for=\"forminator-field-phone-1_69ebd1c1cc6cc\" id=\"forminator-field-phone-1_69ebd1c1cc6cc-label\" class=\"forminator-label\">Numer telefonu <span class=\"forminator-required\">*<\/span><\/label><input type=\"text\" name=\"phone-1\" value=\"\" placeholder=\"\" id=\"forminator-field-phone-1_69ebd1c1cc6cc\" class=\"forminator-input forminator-field--phone\" data-required=\"1\" aria-required=\"true\" autocomplete=\"off\" \/><\/div><\/div><div id=\"email-1\" class=\"forminator-field-email forminator-col forminator-col-4 \"><div class=\"forminator-field\"><label for=\"forminator-field-email-1_69ebd1c1cc6cc\" id=\"forminator-field-email-1_69ebd1c1cc6cc-label\" class=\"forminator-label\">Adres email <span class=\"forminator-required\">*<\/span><\/label><input type=\"email\" name=\"email-1\" value=\"\" placeholder=\"\" id=\"forminator-field-email-1_69ebd1c1cc6cc\" class=\"forminator-input forminator-email--field\" data-required=\"1\" aria-required=\"true\" \/><\/div><\/div><div id=\"url-1\" class=\"forminator-field-url forminator-col forminator-col-4 \"><div class=\"forminator-field\"><label for=\"forminator-field-url-1_69ebd1c1cc6cc\" id=\"forminator-field-url-1_69ebd1c1cc6cc-label\" class=\"forminator-label\">Strona www<\/label><input type=\"url\" name=\"url-1\" value=\"\" placeholder=\"\" id=\"forminator-field-url-1_69ebd1c1cc6cc\" class=\"forminator-input forminator-website--field\" data-required=\"\" aria-required=\"false\" \/><\/div><\/div><\/div><div class=\"forminator-row\"><div id=\"textarea-1\" class=\"forminator-field-textarea forminator-col forminator-col-12 \"><div class=\"forminator-field\"><label for=\"forminator-field-textarea-1_69ebd1c1cc6cc\" id=\"forminator-field-textarea-1_69ebd1c1cc6cc-label\" class=\"forminator-label\">Dodatkowe informacje<\/label><textarea name=\"textarea-1\" placeholder=\"\" id=\"forminator-field-textarea-1_69ebd1c1cc6cc\" class=\"forminator-textarea\" rows=\"6\" style=\"min-height:140px;\" ><\/textarea><\/div><\/div><\/div><div class=\"forminator-row\"><div id=\"upload-1\" class=\"forminator-field-upload forminator-col forminator-col-12 \"><div class=\"forminator-field\"><label for=\"forminator-field-upload-1_69ebd1c1cc6cc\" id=\"forminator-field-upload-1_69ebd1c1cc6cc-label\" class=\"forminator-label\">Dodaj zdj\u0119cie<\/label><div class=\"forminator-file-upload \" data-element=\"upload-1_69ebd1c1cc6cc\" aria-describedby=\"forminator-field-upload-1_69ebd1c1cc6cc-description\"><input type=\"file\" name=\"upload-1\" id=\"forminator-field-upload-1_69ebd1c1cc6cc\" class=\"forminator-input-file\" accept=\".jpg,.jpeg,.jpe,.gif,.png,.bmp,.tiff,.tif,.ico,.heic,.asf,.asx,.wmv,.wmx,.wm,.avi,.divx,.flv,.mov,.qt,.mpeg,.mpg,.mpe,.mp4,.m4v,.ogv,.webm,.mkv,.3gp,.3gpp,.3g2,.3gp2,.txt,.asc,.c,.cc,.h,.srt,.csv,.tsv,.ics,.rtx,.vtt,.mp3,.m4a,.m4b,.aac,.ra,.ram,.wav,.ogg,.oga,.flac,.mid,.midi,.wma,.wax,.mka,.rtf,.pdf,.class,.tar,.zip,.gz,.gzip,.7z,.psd,.xcf,.doc,.pot,.pps,.ppt,.wri,.xla,.xls,.xlt,.xlw,.mdb,.mpp,.docx,.docm,.dotx,.dotm,.xlsx,.xlsm,.xlsb,.xltx,.xltm,.xlam,.pptx,.pptm,.ppsx,.ppsm,.potx,.potm,.ppam,.sldx,.sldm,.onetoc,.onetoc2,.onetmp,.onepkg,.oxps,.xps,.odt,.odp,.ods,.odg,.odc,.odb,.odf,.wp,.wpd,.key,.numbers,.pages\"><button id=\"forminator-field-upload-1_69ebd1c1cc6cc_button\" class=\"forminator-button forminator-button-upload\" data-id=\"forminator-field-upload-1_69ebd1c1cc6cc\">Wybierz plik<\/button><span data-empty-text=\"Nie wybrano \u017cadnego pliku\">Nie wybrano \u017cadnego pliku<\/span><button class=\"forminator-button-delete\" style=\"display: none;\"><i class=\"forminator-icon-close\" aria-hidden=\"true\"><\/i><span class=\"forminator-screen-reader-only\">Usu\u0144 przes\u0142any plik<\/span><\/button><\/div><span id=\"forminator-field-upload-1_69ebd1c1cc6cc-description\" class=\"forminator-description\">Prosimy o nie dodawanie zdj\u0119\u0107 w formacie .HEIC<\/span><\/div><\/div><\/div><div class=\"forminator-row\"><div id=\"checkbox-1\" class=\"forminator-field-checkbox forminator-col forminator-col-6 \"><div role=\"group\" class=\"forminator-field required\" aria-labelledby=\"forminator-checkbox-group-forminator-field-checkbox-1-69ebd1c1cc6cc-label\"><span id=\"forminator-checkbox-group-forminator-field-checkbox-1-69ebd1c1cc6cc-label\" class=\"forminator-label\">Wymagane: <span class=\"forminator-required\">*<\/span><\/span><label id=\"forminator-field-checkbox-1-1-69ebd1c1cc6cc-label\" for=\"forminator-field-checkbox-1-1-69ebd1c1cc6cc\" class=\"forminator-checkbox\" title=\"O\u015bwiadczam, \u017ce zapozna\u0142em\/-am si\u0119 z klauzul\u0105 informacyjn\u0105 o przetwarzaniu danych osobowych i wyra\u017cam zgod\u0119 na przetwarzanie moich danych osobowych przez ZKwP Oddzia\u0142 w Toruniu.\"><input type=\"checkbox\" name=\"checkbox-1[]\" value=\"owiadczam-e-zapoznaemam-si-z-klauzul-informacyjn-o-przetwarzaniu-danych-osobowych-i-wyraam-zgod-na-przetwarzanie-moich-danych-osobowych-przez-zkwp-oddzia-w-koszalinie\" id=\"forminator-field-checkbox-1-1-69ebd1c1cc6cc\" aria-labelledby=\"forminator-field-checkbox-1-1-69ebd1c1cc6cc-label\" data-calculation=\"0\"  \/><span class=\"forminator-checkbox-box\" aria-hidden=\"true\"><\/span><span class=\"forminator-checkbox-label\">O\u015bwiadczam, \u017ce zapozna\u0142em\/-am si\u0119 z klauzul\u0105 informacyjn\u0105 o przetwarzaniu danych osobowych i wyra\u017cam zgod\u0119 na przetwarzanie moich danych osobowych przez ZKwP Oddzia\u0142 w Toruniu.<\/span><\/label><\/div><\/div><div id=\"checkbox-2\" class=\"forminator-field-checkbox forminator-col forminator-col-6 \"><div role=\"group\" class=\"forminator-field required\" aria-labelledby=\"forminator-checkbox-group-forminator-field-checkbox-2-69ebd1c1cc6cc-label\"><span id=\"forminator-checkbox-group-forminator-field-checkbox-2-69ebd1c1cc6cc-label\" class=\"forminator-label\">Wymagane: <span class=\"forminator-required\">*<\/span><\/span><label id=\"forminator-field-checkbox-2-1-69ebd1c1cc6cc-label\" for=\"forminator-field-checkbox-2-1-69ebd1c1cc6cc\" class=\"forminator-checkbox\" title=\"O\u015bwiadczam, \u017ce posiadam op\u0142acon\u0105 sk\u0142adk\u0119 cz\u0142onkowsk\u0105 ZKwP za rok bie\u017c\u0105cy. Op\u0142acenie sk\u0142adki jest warunkiem korzystania ze \u015bwiadcze\u0144 Zwi\u0105zku oraz zamieszczenia informacji na stronie www.\"><input type=\"checkbox\" name=\"checkbox-2[]\" value=\"owiadczam-e-posiadam-opacon-skadk-czonkowsk-zkwp-za-rok-biecy-opacenie-skadki-jest-warunkiem-korzystania-ze-wiadcze-zwizku-oraz-zamieszczenia-informacji-na-stronie-www\" id=\"forminator-field-checkbox-2-1-69ebd1c1cc6cc\" aria-labelledby=\"forminator-field-checkbox-2-1-69ebd1c1cc6cc-label\" data-calculation=\"0\"  \/><span class=\"forminator-checkbox-box\" aria-hidden=\"true\"><\/span><span class=\"forminator-checkbox-label\">O\u015bwiadczam, \u017ce posiadam op\u0142acon\u0105 sk\u0142adk\u0119 cz\u0142onkowsk\u0105 ZKwP za rok bie\u017c\u0105cy. Op\u0142acenie sk\u0142adki jest warunkiem korzystania ze \u015bwiadcze\u0144 Zwi\u0105zku oraz zamieszczenia informacji na stronie www.<\/span><\/label><\/div><\/div><\/div><input type=\"hidden\" name=\"referer_url\" value=\"\" \/><div class=\"forminator-row forminator-row-last\"><div class=\"forminator-col\"><div class=\"forminator-field\"><button class=\"forminator-button forminator-button-submit\">Wy\u015blij zg\u0142oszenie<\/button><\/div><\/div><\/div><input type=\"hidden\" id=\"forminator_nonce\" name=\"forminator_nonce\" value=\"28a7f21eac\" \/><input type=\"hidden\" name=\"_wp_http_referer\" value=\"\/index.php?rest_route=%2Fwp%2Fv2%2Fpages%2F174\" \/><input type=\"hidden\" name=\"form_id\" value=\"173\"><input type=\"hidden\" name=\"page_id\" value=\"174\"><input type=\"hidden\" name=\"form_type\" value=\"default\"><input type=\"hidden\" name=\"current_url\" value=\"https:\/\/torunzkwp.pl\/?page_id=174\"><input type=\"hidden\" name=\"render_id\" value=\"0\"><input type=\"hidden\" name=\"action\" value=\"forminator_submit_form_custom-forms\"><\/form>\n","protected":false},"excerpt":{"rendered":"<p>Formularz zg\u0142oszenia reproduktora w celu zamieszczenia na stronie www Oddzia\u0142u (wy\u0142\u0105cznie dla cz\u0142onk\u00f3w ZKwP Oddzia\u0142 Toru\u0144). Przypominamy, \u017ce warunkiem korzystania ze \u015bwiadcze\u0144 Zwi\u0105zku jest op\u0142acenie sk\u0142adki za rok bie\u017c\u0105cy. Pola oznaczone\u00a0*\u00a0s\u0105 wymagane do przes\u0142ania formularza.<\/p>\n","protected":false},"author":1,"featured_media":0,"parent":0,"menu_order":0,"comment_status":"closed","ping_status":"closed","template":"","meta":{"footnotes":""},"class_list":["post-174","page","type-page","status-publish","hentry"],"_links":{"self":[{"href":"https:\/\/torunzkwp.pl\/index.php?rest_route=\/wp\/v2\/pages\/174","targetHints":{"allow":["GET"]}}],"collection":[{"href":"https:\/\/torunzkwp.pl\/index.php?rest_route=\/wp\/v2\/pages"}],"about":[{"href":"https:\/\/torunzkwp.pl\/index.php?rest_route=\/wp\/v2\/types\/page"}],"author":[{"embeddable":true,"href":"https:\/\/torunzkwp.pl\/index.php?rest_route=\/wp\/v2\/users\/1"}],"replies":[{"embeddable":true,"href":"https:\/\/torunzkwp.pl\/index.php?rest_route=%2Fwp%2Fv2%2Fcomments&post=174"}],"version-history":[{"count":3,"href":"https:\/\/torunzkwp.pl\/index.php?rest_route=\/wp\/v2\/pages\/174\/revisions"}],"predecessor-version":[{"id":335,"href":"https:\/\/torunzkwp.pl\/index.php?rest_route=\/wp\/v2\/pages\/174\/revisions\/335"}],"wp:attachment":[{"href":"https:\/\/torunzkwp.pl\/index.php?rest_route=%2Fwp%2Fv2%2Fmedia&parent=174"}],"curies":[{"name":"wp","href":"https:\/\/api.w.org\/{rel}","templated":true}]}}