{"id":111,"date":"2025-04-07T11:56:48","date_gmt":"2025-04-07T09:56:48","guid":{"rendered":"https:\/\/torunzkwp.pl\/?page_id=111"},"modified":"2025-07-13T11:42:30","modified_gmt":"2025-07-13T09:42:30","slug":"sekcje","status":"publish","type":"page","link":"https:\/\/torunzkwp.pl\/?page_id=111","title":{"rendered":"Sekcje"},"content":{"rendered":"\n<p><strong><mark style=\"background-color:rgba(0, 0, 0, 0)\" class=\"has-inline-color has-vivid-red-color\">Dy\u017cury Kierownik\u00f3w Sekcji:<\/mark><\/strong><\/p>\n\n\n\n<p><strong>CZWARTKI &#8211; 17.00-19.00<\/strong><\/p>\n\n\n\n<p class=\"has-text-align-center\"><strong><mark style=\"background-color:rgba(0, 0, 0, 0)\" class=\"has-inline-color has-vivid-red-color\">Sekcje:<\/mark><\/strong><\/p>\n\n\n\n<p class=\"has-text-align-center\"><strong><mark style=\"background-color:rgba(0, 0, 0, 0)\" class=\"has-inline-color has-vivid-red-color\">Psy Pasterskie:<\/mark><\/strong> kierownik Beata Klawi\u0144ska tel. 508 793 838<br>Bogumi\u0142a Malczak, Agnieszka Hajzer<\/p>\n\n\n\n<p class=\"has-text-align-center\"><strong><mark style=\"background-color:rgba(0, 0, 0, 0)\" class=\"has-inline-color has-vivid-red-color\">Owczarki niemieckie:<\/mark><\/strong> kierownik Rafa\u0142 Brzostowski tel. 723 103 842<br>Zast\u0119pca Wojciech Szczucki, Nikoletta Wi\u015bniewska<\/p>\n\n\n<div class=\"wp-block-image\">\n<figure class=\"aligncenter size-full\"><img loading=\"lazy\" decoding=\"async\" width=\"450\" height=\"490\" src=\"https:\/\/torunzkwp.pl\/wp-content\/uploads\/2025\/06\/2.jpg\" alt=\"\" class=\"wp-image-428\"\/><\/figure>\n<\/div>\n\n\n<p class=\"has-text-align-center\"><strong><mark style=\"background-color:rgba(0, 0, 0, 0)\" class=\"has-inline-color has-vivid-red-color\">Pinczery, sznaucery, molosy:<\/mark><\/strong> kierownik Anna Musia\u0142 tel. 506 155 380<br>Sarah Sobecka-Kucharczyk<\/p>\n\n\n\n<p class=\"has-text-align-center\"><strong><mark style=\"background-color:rgba(0, 0, 0, 0)\" class=\"has-inline-color has-vivid-red-color\">Molosy typu g\u00f3rskiego:<\/mark><\/strong> kierownik Jaros\u0142aw Kubisz tel. 668 148 727<br>Dorota Lange<\/p>\n\n\n\n<p class=\"has-text-align-center\"><strong><mark style=\"background-color:rgba(0, 0, 0, 0)\" class=\"has-inline-color has-vivid-red-color\">Teriery:<\/mark><\/strong> kierownik Anna Winiarska tel. 507 602 106<br>Anna Podobie\u0144ska, Ewa Wo\u017aniczka, Katarzyna Kulig<\/p>\n\n\n<div class=\"wp-block-image\">\n<figure class=\"aligncenter size-full is-resized\"><img loading=\"lazy\" decoding=\"async\" width=\"450\" height=\"600\" src=\"https:\/\/torunzkwp.pl\/wp-content\/uploads\/2025\/06\/1.jpg\" alt=\"\" class=\"wp-image-426\" style=\"width:450px;height:auto\"\/><\/figure>\n<\/div>\n\n\n<p class=\"has-text-align-center\"><strong><mark style=\"background-color:rgba(0, 0, 0, 0)\" class=\"has-inline-color has-vivid-red-color\">Jamniki:<\/mark><\/strong> kierownik Magdalena Or\u0142owska tel. 667 923 667<br>Anna Ma\u0107kowiak, Amelia Czerwonka<\/p>\n\n\n\n<p class=\"has-text-align-center\"><strong><mark style=\"background-color:rgba(0, 0, 0, 0)\" class=\"has-inline-color has-vivid-red-color\">Szpice i psy w typie pierwotnym:<\/mark><\/strong> kierownik Zuzanna Lesi\u0144ska tel. 782 391 612<br>Zast\u0119pca: Marek Szrejter, Dorota Lange<\/p>\n\n\n\n<p class=\"has-text-align-center\"><strong><mark style=\"background-color:rgba(0, 0, 0, 0)\" class=\"has-inline-color has-vivid-red-color\">Go\u0144cze:<\/mark><\/strong> kierownik Agnieszka Szymczak tel. 600 177 090<br>Alicja Nowacka<\/p>\n\n\n\n<p class=\"has-text-align-center\"><strong><mark style=\"background-color:rgba(0, 0, 0, 0)\" class=\"has-inline-color has-vivid-red-color\">Wy\u017c\u0142y: <\/mark><\/strong>kierownik Alicja Nowacka tel. 796 300 578<br>Zast\u0119pca: Magdalena Anna Koz\u0142owska<\/p>\n\n\n\n<p class=\"has-text-align-center\"><strong><mark style=\"background-color:rgba(0, 0, 0, 0)\" class=\"has-inline-color has-vivid-red-color\">Aportery, p\u0142ochacze i psy dowodne:<\/mark><\/strong> kierownik Joanna D\u0105browska tel. 506 045 417<br>Zast\u0119pca: Ewa Wo\u017aniczka, Anna Musia\u0142<\/p>\n\n\n<div class=\"wp-block-image\">\n<figure class=\"aligncenter size-full\"><img loading=\"lazy\" decoding=\"async\" width=\"450\" height=\"586\" src=\"https:\/\/torunzkwp.pl\/wp-content\/uploads\/2025\/06\/3.jpg\" alt=\"\" class=\"wp-image-430\"\/><\/figure>\n<\/div>\n\n\n<p class=\"has-text-align-center\"><strong><mark style=\"background-color:rgba(0, 0, 0, 0)\" class=\"has-inline-color has-vivid-red-color\">Psy ozdobne i do towarzystwa:<\/mark><\/strong> kierownik Magdalena Koz\u0142owska tel. 601 714 447<br>Anna Ma\u0107kowiak, Renata K\u0142udkowska<\/p>\n\n\n\n<p class=\"has-text-align-center\"><strong><mark style=\"background-color:rgba(0, 0, 0, 0)\" class=\"has-inline-color has-vivid-red-color\">Sekcja Ps\u00f3w My\u015bliwskich:<\/mark><\/strong> kierownik Magdalena Koz\u0142owska, Alicja Nowacka<\/p>\n\n\n\n<p class=\"has-text-align-center\"><strong><mark style=\"background-color:rgba(0, 0, 0, 0)\" class=\"has-inline-color has-vivid-red-color\">Charty:<\/mark><\/strong> kierownik Monika Zieli\u0144ska<\/p>\n\n\n\n<p class=\"has-text-align-center\"><strong><mark style=\"background-color:rgba(0, 0, 0, 0)\" class=\"has-inline-color has-vivid-red-color\">Rasy Nieuznane:<\/mark><\/strong> kierownik Anna Winiarska<\/p>\n\n\n\n<p class=\"has-text-align-center\"><strong><mark style=\"background-color:rgba(0, 0, 0, 0)\" class=\"has-inline-color has-vivid-red-color\">Sekcja Szkolenia Ps\u00f3w:<\/mark><\/strong> kierownik Rafa\u0142 Brzostowski, zast\u0119pca Joanna D\u0105browska, Jaros\u0142aw Kubisz<\/p>\n\n\n\n<p class=\"has-text-align-center\"><strong><mark style=\"background-color:rgba(0, 0, 0, 0)\" class=\"has-inline-color has-vivid-red-color\">Sekcja Handlingu i Behawioru:<\/mark><\/strong> kierownik Marek Szrejter tel. 504 326 113<br>Amelia Czerwonka<\/p>\n\n\n\n<p class=\"has-text-align-center\"><strong><mark style=\"background-color:rgba(0, 0, 0, 0)\" class=\"has-inline-color has-vivid-red-color\">Sekcja Ps\u00f3w Zaprz\u0119gowych:<\/mark><\/strong> kierownik Zuzanna Lesi\u0144ska<\/p>\n\n\n\n<hr class=\"wp-block-separator has-alpha-channel-opacity is-style-dots\"\/>\n","protected":false},"excerpt":{"rendered":"<p>Dy\u017cury Kierownik\u00f3w Sekcji: CZWARTKI &#8211; 17.00-19.00 Sekcje: Psy Pasterskie: kierownik Beata Klawi\u0144ska tel. 508 793 838Bogumi\u0142a Malczak, Agnieszka Hajzer Owczarki niemieckie: kierownik Rafa\u0142 Brzostowski tel. 723 103 842Zast\u0119pca Wojciech Szczucki, Nikoletta Wi\u015bniewska Pinczery, sznaucery, molosy: kierownik Anna Musia\u0142 tel. 506 155 380Sarah Sobecka-Kucharczyk Molosy typu g\u00f3rskiego: kierownik Jaros\u0142aw Kubisz tel. 668 148 727Dorota Lange Teriery: [&hellip;]<\/p>\n","protected":false},"author":1,"featured_media":0,"parent":0,"menu_order":0,"comment_status":"closed","ping_status":"closed","template":"","meta":{"footnotes":""},"class_list":["post-111","page","type-page","status-publish","hentry"],"_links":{"self":[{"href":"https:\/\/torunzkwp.pl\/index.php?rest_route=\/wp\/v2\/pages\/111","targetHints":{"allow":["GET"]}}],"collection":[{"href":"https:\/\/torunzkwp.pl\/index.php?rest_route=\/wp\/v2\/pages"}],"about":[{"href":"https:\/\/torunzkwp.pl\/index.php?rest_route=\/wp\/v2\/types\/page"}],"author":[{"embeddable":true,"href":"https:\/\/torunzkwp.pl\/index.php?rest_route=\/wp\/v2\/users\/1"}],"replies":[{"embeddable":true,"href":"https:\/\/torunzkwp.pl\/index.php?rest_route=%2Fwp%2Fv2%2Fcomments&post=111"}],"version-history":[{"count":13,"href":"https:\/\/torunzkwp.pl\/index.php?rest_route=\/wp\/v2\/pages\/111\/revisions"}],"predecessor-version":[{"id":445,"href":"https:\/\/torunzkwp.pl\/index.php?rest_route=\/wp\/v2\/pages\/111\/revisions\/445"}],"wp:attachment":[{"href":"https:\/\/torunzkwp.pl\/index.php?rest_route=%2Fwp%2Fv2%2Fmedia&parent=111"}],"curies":[{"name":"wp","href":"https:\/\/api.w.org\/{rel}","templated":true}]}}