{"id":109,"date":"2025-04-07T11:56:32","date_gmt":"2025-04-07T09:56:32","guid":{"rendered":"https:\/\/torunzkwp.pl\/?page_id=109"},"modified":"2026-03-03T07:54:14","modified_gmt":"2026-03-03T06:54:14","slug":"wladze-oddzialu","status":"publish","type":"page","link":"https:\/\/torunzkwp.pl\/?page_id=109","title":{"rendered":"W\u0142adze"},"content":{"rendered":"\n<p><strong><mark style=\"background-color:rgba(0, 0, 0, 0);color:#aa1d1d\" class=\"has-inline-color\">ZARZ\u0104D ODDZIA\u0141U<\/mark><\/strong><\/p>\n\n\n\n<p>Przewodnicz\u0105ca Zarz\u0105du <strong>Joanna D\u0104BROWSKA<\/strong><br>V-ce Przewodnicz\u0105ca d\/s Organizacyjnych <strong>Agnieszka Szymczak<\/strong><br>Skarbnik <strong>Anna Musia\u0142<\/strong><\/p>\n\n\n\n<div class=\"wp-block-media-text is-stacked-on-mobile\"><figure class=\"wp-block-media-text__media\"><img loading=\"lazy\" decoding=\"async\" width=\"370\" height=\"500\" src=\"https:\/\/torunzkwp.pl\/wp-content\/uploads\/2025\/06\/6.jpg\" alt=\"\" class=\"wp-image-438 size-full\"\/><\/figure><div class=\"wp-block-media-text__content\">\n<p class=\"has-text-align-center\"><mark style=\"background-color:rgba(0, 0, 0, 0)\" class=\"has-inline-color has-vivid-red-color\">V-ce Przewodnicz\u0105ca d\/s Hodowlanych <\/mark><strong>Beata Klawi\u0144ska<\/strong><\/p>\n<\/div><\/div>\n\n\n\n<div class=\"wp-block-media-text is-stacked-on-mobile\"><figure class=\"wp-block-media-text__media\"><img loading=\"lazy\" decoding=\"async\" width=\"370\" height=\"500\" src=\"https:\/\/torunzkwp.pl\/wp-content\/uploads\/2025\/06\/5.jpg\" alt=\"\" class=\"wp-image-433 size-full\"\/><\/figure><div class=\"wp-block-media-text__content\">\n<p class=\"has-text-align-center\"><mark style=\"background-color:rgba(0, 0, 0, 0)\" class=\"has-inline-color has-vivid-red-color\">Sekretarz Zarz\u0105du<\/mark><br><strong>Anna Ma\u0107kowiak<\/strong><\/p>\n<\/div><\/div>\n\n\n\n<p class=\"has-text-align-center\"><strong><mark style=\"background-color:rgba(0, 0, 0, 0);color:#aa1d1d\" class=\"has-inline-color\">Cz\u0142onkowie Zarz\u0105du<\/mark><\/strong><\/p>\n\n\n\n<div class=\"wp-block-media-text is-stacked-on-mobile\"><figure class=\"wp-block-media-text__media\"><img loading=\"lazy\" decoding=\"async\" width=\"370\" height=\"500\" src=\"https:\/\/torunzkwp.pl\/wp-content\/uploads\/2025\/06\/4.jpg\" alt=\"\" class=\"wp-image-435 size-full\"\/><\/figure><div class=\"wp-block-media-text__content\">\n<p class=\"has-text-align-center\"><strong>Ewa Wo\u017aniczka<\/strong><\/p>\n<\/div><\/div>\n\n\n\n<p class=\"has-text-align-center\"><strong>Rafa\u0142 Brzostowski<\/strong><\/p>\n\n\n\n<p><strong><mark style=\"background-color:rgba(0, 0, 0, 0);color:#aa1d1d\" class=\"has-inline-color\">Zast\u0119pcy Cz\u0142onk\u00f3w<\/mark><\/strong><br><strong>Larysa Karpi\u0144ska-Jettka &#8211; I zast\u0119pca<br>Natalia Jettka \u2013 II zast\u0119pca<\/strong><\/p>\n\n\n\n<hr class=\"wp-block-separator aligncenter has-alpha-channel-opacity is-style-dots\"\/>\n\n\n\n<p><strong><mark style=\"background-color:rgba(0, 0, 0, 0);color:#aa1d1d\" class=\"has-inline-color\">ODDZIA\u0141OWA KOMISJA REWIZYJNA<\/mark><\/strong><br>Przewodnicz\u0105ca <strong><strong>Paulina KORPAL<\/strong><\/strong><br>Zast\u0119pca <strong>Magdalena Koz\u0142owska<\/strong><br>Sekretarz <strong>Emilia Szkudlarek-Szyma\u0144ska<\/strong><\/p>\n\n\n\n<p><strong><mark style=\"background-color:rgba(0, 0, 0, 0);color:#aa1d1d\" class=\"has-inline-color\">Cz\u0142onkowie<\/mark><\/strong><br><strong>Katarzyna Kulik<br>Anna Winiarska<\/strong><\/p>\n\n\n\n<p><strong><mark style=\"background-color:rgba(0, 0, 0, 0);color:#aa1d1d\" class=\"has-inline-color\">Zast\u0119pcy Cz\u0142onk\u00f3w<\/mark><\/strong><br><strong>Joanna Wrotna &#8211; Opoka &#8211; I zast\u0119pca<br>Robert Ossowski \u2013 II zast\u0119pca<\/strong><\/p>\n\n\n\n<hr class=\"wp-block-separator has-alpha-channel-opacity is-style-dots\"\/>\n\n\n\n<p><strong><mark style=\"background-color:rgba(0, 0, 0, 0);color:#aa1d1d\" class=\"has-inline-color\">ODDZIA\u0141OWY S\u0104D KOLE\u017bE\u0143SKI<\/mark><\/strong><br>Przewodnicz\u0105cy <strong>Marek Szrejter<\/strong><br>Zast\u0119pca <br>Sekretarz <strong>Renata K\u0142udkowska<\/strong><\/p>\n\n\n\n<p><strong><mark style=\"background-color:rgba(0, 0, 0, 0);color:#aa1d1d\" class=\"has-inline-color\">Cz\u0142onkowie<\/mark><\/strong><br><strong>Beata Brzostowska<br>Zuzanna Lesi\u0144ska<\/strong><br><strong>Renata Tu\u0142odziecka<\/strong><\/p>\n\n\n\n<p><strong><mark style=\"background-color:rgba(0, 0, 0, 0);color:#aa1d1d\" class=\"has-inline-color\">Zast\u0119pcy Cz\u0142onk\u00f3w<\/mark><br>S\u0105dowska Karolina<\/strong><\/p>\n\n\n\n<hr class=\"wp-block-separator has-alpha-channel-opacity is-style-dots\"\/>\n\n\n\n<p><strong><mark style=\"background-color:rgba(0, 0, 0, 0);color:#aa1d1d\" class=\"has-inline-color\">Rzecznik dyscyplinarny<\/mark><\/strong><br><strong>Szymon Kucharski<\/strong><\/p>\n\n\n\n<p><\/p>\n","protected":false},"excerpt":{"rendered":"<p>ZARZ\u0104D ODDZIA\u0141U Przewodnicz\u0105ca Zarz\u0105du Joanna D\u0104BROWSKAV-ce Przewodnicz\u0105ca d\/s Organizacyjnych Agnieszka SzymczakSkarbnik Anna Musia\u0142 V-ce Przewodnicz\u0105ca d\/s Hodowlanych Beata Klawi\u0144ska Sekretarz Zarz\u0105duAnna Ma\u0107kowiak Cz\u0142onkowie Zarz\u0105du Ewa Wo\u017aniczka Rafa\u0142 Brzostowski Zast\u0119pcy Cz\u0142onk\u00f3wLarysa Karpi\u0144ska-Jettka &#8211; I zast\u0119pcaNatalia Jettka \u2013 II zast\u0119pca ODDZIA\u0141OWA KOMISJA REWIZYJNAPrzewodnicz\u0105ca Paulina KORPALZast\u0119pca Magdalena Koz\u0142owskaSekretarz Emilia Szkudlarek-Szyma\u0144ska Cz\u0142onkowieKatarzyna KulikAnna Winiarska Zast\u0119pcy Cz\u0142onk\u00f3wJoanna Wrotna &#8211; Opoka [&hellip;]<\/p>\n","protected":false},"author":1,"featured_media":0,"parent":0,"menu_order":0,"comment_status":"closed","ping_status":"closed","template":"","meta":{"footnotes":""},"class_list":["post-109","page","type-page","status-publish","hentry"],"_links":{"self":[{"href":"https:\/\/torunzkwp.pl\/index.php?rest_route=\/wp\/v2\/pages\/109","targetHints":{"allow":["GET"]}}],"collection":[{"href":"https:\/\/torunzkwp.pl\/index.php?rest_route=\/wp\/v2\/pages"}],"about":[{"href":"https:\/\/torunzkwp.pl\/index.php?rest_route=\/wp\/v2\/types\/page"}],"author":[{"embeddable":true,"href":"https:\/\/torunzkwp.pl\/index.php?rest_route=\/wp\/v2\/users\/1"}],"replies":[{"embeddable":true,"href":"https:\/\/torunzkwp.pl\/index.php?rest_route=%2Fwp%2Fv2%2Fcomments&post=109"}],"version-history":[{"count":17,"href":"https:\/\/torunzkwp.pl\/index.php?rest_route=\/wp\/v2\/pages\/109\/revisions"}],"predecessor-version":[{"id":694,"href":"https:\/\/torunzkwp.pl\/index.php?rest_route=\/wp\/v2\/pages\/109\/revisions\/694"}],"wp:attachment":[{"href":"https:\/\/torunzkwp.pl\/index.php?rest_route=%2Fwp%2Fv2%2Fmedia&parent=109"}],"curies":[{"name":"wp","href":"https:\/\/api.w.org\/{rel}","templated":true}]}}